{"id":9242,"date":"2024-04-06T16:14:22","date_gmt":"2024-04-06T16:14:22","guid":{"rendered":"https:\/\/dev-thegentlemans.teoria.agency\/?page_id=9242"},"modified":"2025-01-29T17:18:44","modified_gmt":"2025-01-29T17:18:44","slug":"orcamento","status":"publish","type":"page","link":"https:\/\/thegentlemans.pt\/en\/orcamento\/","title":{"rendered":"GET A QUOTE"},"content":{"rendered":"<div data-elementor-type=\"wp-page\" data-elementor-id=\"9242\" class=\"elementor elementor-9242\" data-elementor-post-type=\"page\">\n\t\t\t\t\t\t<section class=\"elementor-section elementor-top-section elementor-element elementor-element-dfd7c95 elementor-section-stretched elementor-section-content-middle elementor-section-boxed elementor-section-height-default elementor-section-height-default eltdf-parallax-row-no eltdf-content-aligment-left eltdf-elementor-row-grid-no eltdf-disabled-bg-image-bellow-no\" data-id=\"dfd7c95\" data-element_type=\"section\" data-settings=\"{&quot;stretch_section&quot;:&quot;section-stretched&quot;}\">\n\t\t\t\t\t\t<div class=\"elementor-container elementor-column-gap-default\">\n\t\t\t\t\t<div class=\"elementor-column elementor-col-100 elementor-top-column elementor-element elementor-element-57fed49\" data-id=\"57fed49\" data-element_type=\"column\">\n\t\t\t<div class=\"elementor-widget-wrap elementor-element-populated\">\n\t\t\t\t\t\t<div class=\"elementor-element elementor-element-0bb8af0 elementor-widget elementor-widget-heading\" data-id=\"0bb8af0\" data-element_type=\"widget\" data-widget_type=\"heading.default\">\n\t\t\t\t<div class=\"elementor-widget-container\">\n\t\t\t\t\t<h2 class=\"elementor-heading-title elementor-size-default\">GET A QUOTE<\/h2>\t\t\t\t<\/div>\n\t\t\t\t<\/div>\n\t\t\t\t<div class=\"elementor-element elementor-element-36e324d elementor-widget elementor-widget-text-editor\" data-id=\"36e324d\" data-element_type=\"widget\" data-widget_type=\"text-editor.default\">\n\t\t\t\t<div class=\"elementor-widget-container\">\n\t\t\t\t\t\t\t\t\t<p class=\"translation-block\">Capturing stories is an art that essentially involves the heart.<br>Each couple is unique, with their own identity, their own true way of loving and expressing themselves.<\/p>\t\t\t\t\t\t\t\t<\/div>\n\t\t\t\t<\/div>\n\t\t\t\t<div class=\"elementor-element elementor-element-31719a8 elementor-widget__width-auto elementor-widget elementor-widget-eltdf_button\" data-id=\"31719a8\" data-element_type=\"widget\" data-widget_type=\"eltdf_button.default\">\n\t\t\t\t<div class=\"elementor-widget-container\">\n\t\t\t\t\t<a itemprop=\"url\" href=\"https:\/\/thegentlemans.pt\/en\/faqs\/\" target=\"_self\"  class=\"eltdf-btn eltdf-btn-medium eltdf-btn-outline\"  >\n\t\t\t<span class=\"eltdf-btn-outline-horizontal-lines\"  ><\/span>\n\t\t<span class=\"eltdf-btn-outline-vertical-lines\"  ><\/span>\n\t\t<span class=\"eltdf-btn-text\">FAQ&#039;s<\/span>\n    <\/a>\t\t\t\t<\/div>\n\t\t\t\t<\/div>\n\t\t\t\t<div class=\"elementor-element elementor-element-1739478 elementor-widget__width-auto elementor-widget elementor-widget-eltdf_button\" data-id=\"1739478\" data-element_type=\"widget\" data-widget_type=\"eltdf_button.default\">\n\t\t\t\t<div class=\"elementor-widget-container\">\n\t\t\t\t\t<a itemprop=\"url\" href=\"https:\/\/thegentlemans.pt\/en\/contactos\/\" target=\"_self\"  class=\"eltdf-btn eltdf-btn-medium eltdf-btn-solid\"  >\n\t\t<span class=\"eltdf-btn-text\">Contacts<\/span>\n    <\/a>\t\t\t\t<\/div>\n\t\t\t\t<\/div>\n\t\t\t\t<div class=\"elementor-element elementor-element-5fddeac elementor-widget elementor-widget-eltdf_section_title\" data-id=\"5fddeac\" data-element_type=\"widget\" data-widget_type=\"eltdf_section_title.default\">\n\t\t\t\t<div class=\"elementor-widget-container\">\n\t\t\t\t\t<div class=\"eltdf-section-title-holder\" style=\"text-align: center\">\n\t<div class=\"eltdf-st-inner\">\n\t\t\t\t\t\t\t\t\t\t\t<\/div>\n<\/div>\t\t\t\t<\/div>\n\t\t\t\t<\/div>\n\t\t\t\t\t<\/div>\n\t\t<\/div>\n\t\t\t\t\t<\/div>\n\t\t<\/section>\n\t\t\t\t<section class=\"elementor-section elementor-top-section elementor-element elementor-element-ba25cf9 elementor-section-boxed elementor-section-height-default elementor-section-height-default eltdf-parallax-row-no eltdf-content-aligment-left eltdf-elementor-row-grid-no eltdf-disabled-bg-image-bellow-no\" data-id=\"ba25cf9\" data-element_type=\"section\" data-settings=\"{&quot;background_background&quot;:&quot;classic&quot;}\">\n\t\t\t\t\t\t<div class=\"elementor-container elementor-column-gap-default\">\n\t\t\t\t\t<div class=\"elementor-column elementor-col-100 elementor-top-column elementor-element elementor-element-e0e9293\" data-id=\"e0e9293\" data-element_type=\"column\">\n\t\t\t<div class=\"elementor-widget-wrap elementor-element-populated\">\n\t\t\t\t\t\t<div class=\"elementor-element elementor-element-e01bec0 elementor-button-align-start form_orcamento elementor-widget elementor-widget-form\" data-id=\"e01bec0\" data-element_type=\"widget\" data-settings=\"{&quot;step_next_label&quot;:&quot;Next&quot;,&quot;step_previous_label&quot;:&quot;Anterior&quot;,&quot;button_width&quot;:&quot;100&quot;,&quot;step_type&quot;:&quot;number_text&quot;,&quot;step_icon_shape&quot;:&quot;circle&quot;}\" data-widget_type=\"form.default\">\n\t\t\t\t<div class=\"elementor-widget-container\">\n\t\t\t\t\t\t\t<form class=\"elementor-form\" method=\"post\" name=\"Pedir Or\u00e7amento\" aria-label=\"Pedir Or\u00e7amento\" action=\"\">\n\t\t\t<input type=\"hidden\" name=\"post_id\" value=\"9242\"\/>\n\t\t\t<input type=\"hidden\" name=\"form_id\" value=\"e01bec0\"\/>\n\t\t\t<input type=\"hidden\" name=\"referer_title\" value=\"\" \/>\n\n\t\t\t\n\t\t\t<div class=\"elementor-form-fields-wrapper elementor-labels-above\">\n\t\t\t\t\t\t\t\t<div class=\"elementor-field-type-text elementor-field-group elementor-column elementor-field-group-nomes elementor-col-50 elementor-field-required elementor-mark-required\">\n\t\t\t\t\t\t\t\t\t\t\t\t<label for=\"form-field-nomes\" class=\"elementor-field-label\">\n\t\t\t\t\t\t\t\tNames\t\t\t\t\t\t\t<\/label>\n\t\t\t\t\t\t\t\t\t\t\t\t\t\t<input size=\"1\" type=\"text\" name=\"form_fields[nomes]\" id=\"form-field-nomes\" class=\"elementor-field elementor-size-sm  elementor-field-textual\" required=\"required\">\n\t\t\t\t\t\t\t\t\t\t\t<\/div>\n\t\t\t\t\t\t\t\t<div class=\"elementor-field-type-email elementor-field-group elementor-column elementor-field-group-email elementor-col-50 elementor-field-required elementor-mark-required\">\n\t\t\t\t\t\t\t\t\t\t\t\t<label for=\"form-field-email\" class=\"elementor-field-label\">\n\t\t\t\t\t\t\t\tEmail\t\t\t\t\t\t\t<\/label>\n\t\t\t\t\t\t\t\t\t\t\t\t\t\t<input size=\"1\" type=\"email\" name=\"form_fields[email]\" id=\"form-field-email\" class=\"elementor-field elementor-size-sm  elementor-field-textual\" required=\"required\">\n\t\t\t\t\t\t\t\t\t\t\t<\/div>\n\t\t\t\t\t\t\t\t<div class=\"elementor-field-type-tel elementor-field-group elementor-column elementor-field-group-telefone elementor-col-50 elementor-field-required elementor-mark-required\">\n\t\t\t\t\t\t\t\t\t\t\t\t<label for=\"form-field-telefone\" class=\"elementor-field-label\">\n\t\t\t\t\t\t\t\tTelephone Number\t\t\t\t\t\t\t<\/label>\n\t\t\t\t\t\t\t\t<input size=\"1\" type=\"tel\" name=\"form_fields[telefone]\" id=\"form-field-telefone\" class=\"elementor-field elementor-size-sm  elementor-field-textual\" required=\"required\" pattern=\"[0-9()#&amp;+*-=.]+\" title=\"Only numbers and phone characters (#, -, *, etc) are accepted.\">\n\n\t\t\t\t\t\t<\/div>\n\t\t\t\t\t\t\t\t<div class=\"elementor-field-type-radio elementor-field-group elementor-column elementor-field-group-whatsapp_contact elementor-col-50 elementor-field-required elementor-mark-required\">\n\t\t\t\t\t\t\t\t\t\t\t\t<label for=\"form-field-whatsapp_contact\" class=\"elementor-field-label\">\n\t\t\t\t\t\t\t\tMay we contact you via WhatsApp to make it easier to address questions or confirmations? We promise to respect your privacy and schedule!\t\t\t\t\t\t\t<\/label>\n\t\t\t\t\t\t<div class=\"elementor-field-subgroup  elementor-subgroup-inline\"><span class=\"elementor-field-option\"><input type=\"radio\" value=\"Sim\" id=\"form-field-whatsapp_contact-0\" name=\"form_fields[whatsapp_contact]\" required=\"required\"> <label for=\"form-field-whatsapp_contact-0\">Sim<\/label><\/span><span class=\"elementor-field-option\"><input type=\"radio\" value=\"N\u00e3o\" id=\"form-field-whatsapp_contact-1\" name=\"form_fields[whatsapp_contact]\" required=\"required\"> <label for=\"form-field-whatsapp_contact-1\">N\u00e3o<\/label><\/span><\/div>\t\t\t\t<\/div>\n\t\t\t\t\t\t\t\t<div class=\"elementor-field-type-checkbox elementor-field-group elementor-column elementor-field-group-como_chegaram elementor-col-100\">\n\t\t\t\t\t\t\t\t\t\t\t\t<label for=\"form-field-como_chegaram\" class=\"elementor-field-label\">\n\t\t\t\t\t\t\t\tHow did you hear about us\t\t\t\t\t\t\t<\/label>\n\t\t\t\t\t\t<div class=\"elementor-field-subgroup  elementor-subgroup-inline\"><span class=\"elementor-field-option\"><input type=\"checkbox\" value=\"Instagram\" id=\"form-field-como_chegaram-0\" name=\"form_fields[como_chegaram][]\"> <label for=\"form-field-como_chegaram-0\">Instagram<\/label><\/span><span class=\"elementor-field-option\"><input type=\"checkbox\" value=\"Facebook\" id=\"form-field-como_chegaram-1\" name=\"form_fields[como_chegaram][]\"> <label for=\"form-field-como_chegaram-1\">Facebook<\/label><\/span><span class=\"elementor-field-option\"><input type=\"checkbox\" value=\"Google\" id=\"form-field-como_chegaram-2\" name=\"form_fields[como_chegaram][]\"> <label for=\"form-field-como_chegaram-2\">Google<\/label><\/span><span class=\"elementor-field-option\"><input type=\"checkbox\" value=\"Casamentos.pt\" id=\"form-field-como_chegaram-3\" name=\"form_fields[como_chegaram][]\"> <label for=\"form-field-como_chegaram-3\">Casamentos.pt<\/label><\/span><span class=\"elementor-field-option\"><input type=\"checkbox\" value=\"Amigos\" id=\"form-field-como_chegaram-4\" name=\"form_fields[como_chegaram][]\"> <label for=\"form-field-como_chegaram-4\">Friends<\/label><\/span><span class=\"elementor-field-option\"><input type=\"checkbox\" value=\"Recomenda\u00e7\u00e3o de Fornecedores\" id=\"form-field-como_chegaram-5\" name=\"form_fields[como_chegaram][]\"> <label for=\"form-field-como_chegaram-5\">Recomenda\u00e7\u00e3o de Fornecedores<\/label><\/span><span class=\"elementor-field-option\"><input type=\"checkbox\" value=\"Outras Plataformas de Casamento\" id=\"form-field-como_chegaram-6\" name=\"form_fields[como_chegaram][]\"> <label for=\"form-field-como_chegaram-6\">Type of Event<\/label><\/span><span class=\"elementor-field-option\"><input type=\"checkbox\" value=\"Wedding Planner\" id=\"form-field-como_chegaram-7\" name=\"form_fields[como_chegaram][]\"> <label for=\"form-field-como_chegaram-7\">Wedding Planner<\/label><\/span><span class=\"elementor-field-option\"><input type=\"checkbox\" value=\"Blogs\" id=\"form-field-como_chegaram-8\" name=\"form_fields[como_chegaram][]\"> <label for=\"form-field-como_chegaram-8\">Blogs<\/label><\/span><\/div>\t\t\t\t<\/div>\n\t\t\t\t\t\t\t\t<div class=\"elementor-field-type-select elementor-field-group elementor-column elementor-field-group-field_ccbe295 elementor-col-50 elementor-field-required elementor-mark-required\">\n\t\t\t\t\t\t\t\t\t\t\t\t<label for=\"form-field-field_ccbe295\" class=\"elementor-field-label\">\n\t\t\t\t\t\t\t\tType of Event\t\t\t\t\t\t\t<\/label>\n\t\t\t\t\t\t\t\t<div class=\"elementor-field elementor-select-wrapper remove-before\">\n\t\t\t<div class=\"select-caret-down-wrapper\">\n\t\t\t\t<i aria-hidden=\"true\" class=\"eicon-caret-down\"><\/i>\t\t\t<\/div>\n\t\t\t<select name=\"form_fields[field_ccbe295]\" id=\"form-field-field_ccbe295\" class=\"elementor-field-textual elementor-size-sm\" required=\"required\">\n\t\t\t\t\t\t\t\t\t<option value=\"Casamento Religioso\/Celebra\u00e7\u00e3o\">Religious Wedding\/Celebration<\/option>\n\t\t\t\t\t\t\t\t\t<option value=\"Casamento Civil\">Civil Marriage<\/option>\n\t\t\t\t\t\t\t\t\t<option value=\"Casamento Intimista at\u00e9 50 convidados\">Intimate Wedding for Up to 50 Guests<\/option>\n\t\t\t\t\t\t\t\t\t<option value=\"Elopement at\u00e9 10 convidados\">Elopement at\u00e9 10 convidados<\/option>\n\t\t\t\t\t\t\t\t\t<option value=\"Outro\">Outro<\/option>\n\t\t\t\t\t\t\t<\/select>\n\t\t<\/div>\n\t\t\t\t\t\t<\/div>\n\t\t\t\t\t\t\t\t<div class=\"elementor-field-type-date elementor-field-group elementor-column elementor-field-group-data elementor-col-50 elementor-field-required elementor-mark-required\">\n\t\t\t\t\t\t\t\t\t\t\t\t<label for=\"form-field-data\" class=\"elementor-field-label\">\n\t\t\t\t\t\t\t\tDate\t\t\t\t\t\t\t<\/label>\n\t\t\t\t\t\t\n\t\t<input type=\"date\" name=\"form_fields[data]\" id=\"form-field-data\" class=\"elementor-field elementor-size-sm  elementor-field-textual elementor-date-field\" required=\"required\" pattern=\"[0-9]{4}-[0-9]{2}-[0-9]{2}\">\n\t\t\t\t\t\t<\/div>\n\t\t\t\t\t\t\t\t<div class=\"elementor-field-type-text elementor-field-group elementor-column elementor-field-group-local_preparativos elementor-col-50 elementor-field-required elementor-mark-required\">\n\t\t\t\t\t\t\t\t\t\t\t\t<label for=\"form-field-local_preparativos\" class=\"elementor-field-label\">\n\t\t\t\t\t\t\t\tPreparation Venue\t\t\t\t\t\t\t<\/label>\n\t\t\t\t\t\t\t\t\t\t\t\t\t\t<input size=\"1\" type=\"text\" name=\"form_fields[local_preparativos]\" id=\"form-field-local_preparativos\" class=\"elementor-field elementor-size-sm  elementor-field-textual\" required=\"required\">\n\t\t\t\t\t\t\t\t\t\t\t<\/div>\n\t\t\t\t\t\t\t\t<div class=\"elementor-field-type-text elementor-field-group elementor-column elementor-field-group-local_cerimonia elementor-col-50 elementor-field-required elementor-mark-required\">\n\t\t\t\t\t\t\t\t\t\t\t\t<label for=\"form-field-local_cerimonia\" class=\"elementor-field-label\">\n\t\t\t\t\t\t\t\tWedding Venue\t\t\t\t\t\t\t<\/label>\n\t\t\t\t\t\t\t\t\t\t\t\t\t\t<input size=\"1\" type=\"text\" name=\"form_fields[local_cerimonia]\" id=\"form-field-local_cerimonia\" class=\"elementor-field elementor-size-sm  elementor-field-textual\" required=\"required\">\n\t\t\t\t\t\t\t\t\t\t\t<\/div>\n\t\t\t\t\t\t\t\t<div class=\"elementor-field-type-text elementor-field-group elementor-column elementor-field-group-hora_cerimonia elementor-col-50\">\n\t\t\t\t\t\t\t\t\t\t\t\t<label for=\"form-field-hora_cerimonia\" class=\"elementor-field-label\">\n\t\t\t\t\t\t\t\tWedding Time\t\t\t\t\t\t\t<\/label>\n\t\t\t\t\t\t\t\t\t\t\t\t\t\t<input size=\"1\" type=\"text\" name=\"form_fields[hora_cerimonia]\" id=\"form-field-hora_cerimonia\" class=\"elementor-field elementor-size-sm  elementor-field-textual\">\n\t\t\t\t\t\t\t\t\t\t\t<\/div>\n\t\t\t\t\t\t\t\t<div class=\"elementor-field-type-text elementor-field-group elementor-column elementor-field-group-local_celebracao elementor-col-50 elementor-field-required elementor-mark-required\">\n\t\t\t\t\t\t\t\t\t\t\t\t<label for=\"form-field-local_celebracao\" class=\"elementor-field-label\">\n\t\t\t\t\t\t\t\tCelebration's Location\t\t\t\t\t\t\t<\/label>\n\t\t\t\t\t\t\t\t\t\t\t\t\t\t<input size=\"1\" type=\"text\" name=\"form_fields[local_celebracao]\" id=\"form-field-local_celebracao\" class=\"elementor-field elementor-size-sm  elementor-field-textual\" required=\"required\">\n\t\t\t\t\t\t\t\t\t\t\t<\/div>\n\t\t\t\t\t\t\t\t<div class=\"elementor-field-type-text elementor-field-group elementor-column elementor-field-group-instagram elementor-col-50 elementor-field-required elementor-mark-required\">\n\t\t\t\t\t\t\t\t\t\t\t\t<label for=\"form-field-instagram\" class=\"elementor-field-label\">\n\t\t\t\t\t\t\t\tCan you share your Instagram with us?\t\t\t\t\t\t\t<\/label>\n\t\t\t\t\t\t\t\t\t\t\t\t\t\t<input size=\"1\" type=\"text\" name=\"form_fields[instagram]\" id=\"form-field-instagram\" class=\"elementor-field elementor-size-sm  elementor-field-textual\" required=\"required\">\n\t\t\t\t\t\t\t\t\t\t\t<\/div>\n\t\t\t\t\t\t\t\t<div class=\"elementor-field-type-select elementor-field-group elementor-column elementor-field-group-areas elementor-col-50 elementor-field-required elementor-mark-required\">\n\t\t\t\t\t\t\t\t\t\t\t\t<label for=\"form-field-areas\" class=\"elementor-field-label\">\n\t\t\t\t\t\t\t\tWhich areas of our work do you value or like the most?\t\t\t\t\t\t\t<\/label>\n\t\t\t\t\t\t\t\t<div class=\"elementor-field elementor-select-wrapper remove-before\">\n\t\t\t<div class=\"select-caret-down-wrapper\">\n\t\t\t\t<i aria-hidden=\"true\" class=\"eicon-caret-down\"><\/i>\t\t\t<\/div>\n\t\t\t<select name=\"form_fields[areas]\" id=\"form-field-areas\" class=\"elementor-field-textual elementor-size-sm\" required=\"required\">\n\t\t\t\t\t\t\t\t\t<option value=\"Foto\">Photo<\/option>\n\t\t\t\t\t\t\t\t\t<option value=\"V\u00eddeo\">Video<\/option>\n\t\t\t\t\t\t\t\t\t<option value=\"Foto\/V\u00eddeo\">Photo\/Video<\/option>\n\t\t\t\t\t\t\t<\/select>\n\t\t<\/div>\n\t\t\t\t\t\t<\/div>\n\t\t\t\t\t\t\t\t<div class=\"elementor-field-type-textarea elementor-field-group elementor-column elementor-field-group-gosto elementor-col-100 elementor-field-required elementor-mark-required\">\n\t\t\t\t\t\t\t\t\t\t\t\t<label for=\"form-field-gosto\" class=\"elementor-field-label\">\n\t\t\t\t\t\t\t\tWhat do you like most about our work?\t\t\t\t\t\t\t<\/label>\n\t\t\t\t\t\t<textarea class=\"elementor-field-textual elementor-field  elementor-size-sm\" name=\"form_fields[gosto]\" id=\"form-field-gosto\" rows=\"4\" required=\"required\"><\/textarea>\t\t\t\t<\/div>\n\t\t\t\t\t\t\t\t<div class=\"elementor-field-type-textarea elementor-field-group elementor-column elementor-field-group-detalhes elementor-col-100 elementor-field-required elementor-mark-required\">\n\t\t\t\t\t\t\t\t\t\t\t\t<label for=\"form-field-detalhes\" class=\"elementor-field-label\">\n\t\t\t\t\t\t\t\tTell us about yourselves, your ideas, and other details about your wedding (leave nothing out, the floor is yours).\t\t\t\t\t\t\t<\/label>\n\t\t\t\t\t\t<textarea class=\"elementor-field-textual elementor-field  elementor-size-sm\" name=\"form_fields[detalhes]\" id=\"form-field-detalhes\" rows=\"5\" required=\"required\"><\/textarea>\t\t\t\t<\/div>\n\t\t\t\t\t\t\t\t<div class=\"elementor-field-type-acceptance elementor-field-group elementor-column elementor-field-group-field_6d79853 elementor-col-100 elementor-field-required elementor-mark-required\">\n\t\t\t\t\t\t\t<div class=\"elementor-field-subgroup\">\n\t\t\t<span class=\"elementor-field-option\">\n\t\t\t\t<input type=\"checkbox\" name=\"form_fields[field_6d79853]\" id=\"form-field-field_6d79853\" class=\"elementor-field elementor-size-sm  elementor-acceptance-field\" required=\"required\">\n\t\t\t\t<label for=\"form-field-field_6d79853\">I agree with the privacy policy.<\/label>\t\t\t<\/span>\n\t\t<\/div>\n\t\t\t\t\t\t<\/div>\n\t\t\t\t\t\t\t\t<div class=\"elementor-field-group elementor-column elementor-field-type-submit elementor-col-100 e-form__buttons\">\n\t\t\t\t\t<button class=\"elementor-button elementor-size-sm\" type=\"submit\">\n\t\t\t\t\t\t<span class=\"elementor-button-content-wrapper\">\n\t\t\t\t\t\t\t\t\t\t\t\t\t\t\t\t\t\t\t\t\t\t<span class=\"elementor-button-text\">SEND<\/span>\n\t\t\t\t\t\t\t\t\t\t\t\t\t<\/span>\n\t\t\t\t\t<\/button>\n\t\t\t\t<\/div>\n\t\t\t<\/div>\n\t\t<input type=\"hidden\" name=\"trp-form-language\" value=\"en\"\/><\/form>\n\t\t\t\t\t\t<\/div>\n\t\t\t\t<\/div>\n\t\t\t\t\t<\/div>\n\t\t<\/div>\n\t\t\t\t\t<\/div>\n\t\t<\/section>\n\t\t\t\t<\/div>","protected":false},"excerpt":{"rendered":"<p>PEDIDO DE OR\u00c7AMENTO Capturar hist\u00f3rias \u00e9 uma arte que envolve na sua ess\u00eancia o cora\u00e7\u00e3o.Cada casal \u00e9 \u00fanico, tendo a sua pr\u00f3pria identidade, a sua verdadeira forma de amar e de se expressar. FAQ&#039;s Contactos<\/p>","protected":false},"author":1,"featured_media":0,"parent":0,"menu_order":0,"comment_status":"closed","ping_status":"closed","template":"full-width.php","meta":{"footnotes":""},"class_list":["post-9242","page","type-page","status-publish","hentry"],"_links":{"self":[{"href":"https:\/\/thegentlemans.pt\/en\/wp-json\/wp\/v2\/pages\/9242","targetHints":{"allow":["GET"]}}],"collection":[{"href":"https:\/\/thegentlemans.pt\/en\/wp-json\/wp\/v2\/pages"}],"about":[{"href":"https:\/\/thegentlemans.pt\/en\/wp-json\/wp\/v2\/types\/page"}],"author":[{"embeddable":true,"href":"https:\/\/thegentlemans.pt\/en\/wp-json\/wp\/v2\/users\/1"}],"replies":[{"embeddable":true,"href":"https:\/\/thegentlemans.pt\/en\/wp-json\/wp\/v2\/comments?post=9242"}],"version-history":[{"count":0,"href":"https:\/\/thegentlemans.pt\/en\/wp-json\/wp\/v2\/pages\/9242\/revisions"}],"wp:attachment":[{"href":"https:\/\/thegentlemans.pt\/en\/wp-json\/wp\/v2\/media?parent=9242"}],"curies":[{"name":"wp","href":"https:\/\/api.w.org\/{rel}","templated":true}]}}