{"id":6907,"date":"2022-03-21T01:54:19","date_gmt":"2022-03-21T01:54:19","guid":{"rendered":"https:\/\/dev-thegentlemans.teoria.agency\/?page_id=6907"},"modified":"2024-05-31T18:07:00","modified_gmt":"2024-05-31T18:07:00","slug":"fotografia","status":"publish","type":"page","link":"https:\/\/thegentlemans.pt\/en\/fotografia\/","title":{"rendered":"Photography"},"content":{"rendered":"<div data-elementor-type=\"wp-page\" data-elementor-id=\"6907\" class=\"elementor elementor-6907\" data-elementor-post-type=\"page\">\n\t\t\t\t\t\t<section class=\"elementor-section elementor-top-section elementor-element elementor-element-f60c02c elementor-section-full_width elementor-section-stretched elementor-section-height-default elementor-section-height-default eltdf-parallax-row-no eltdf-content-aligment-left eltdf-elementor-row-grid-no eltdf-disabled-bg-image-bellow-no\" data-id=\"f60c02c\" data-element_type=\"section\" data-e-type=\"section\" data-settings=\"{&quot;stretch_section&quot;:&quot;section-stretched&quot;}\">\n\t\t\t\t\t\t<div class=\"elementor-container elementor-column-gap-default\">\n\t\t\t\t\t<div class=\"elementor-column elementor-col-100 elementor-top-column elementor-element elementor-element-4036fe9\" data-id=\"4036fe9\" data-element_type=\"column\" data-e-type=\"column\">\n\t\t\t<div class=\"elementor-widget-wrap elementor-element-populated\">\n\t\t\t\t\t\t<section class=\"elementor-section elementor-inner-section elementor-element elementor-element-d112a4c elementor-section-full_width elementor-section-height-default elementor-section-height-default eltdf-parallax-row-no eltdf-content-aligment-left eltdf-elementor-row-grid-no eltdf-disabled-bg-image-bellow-no\" data-id=\"d112a4c\" data-element_type=\"section\" data-e-type=\"section\" data-settings=\"{&quot;background_background&quot;:&quot;classic&quot;}\">\n\t\t\t\t\t\t<div class=\"elementor-container elementor-column-gap-default\">\n\t\t\t\t\t<div class=\"elementor-column elementor-col-100 elementor-inner-column elementor-element elementor-element-616ad3e\" data-id=\"616ad3e\" data-element_type=\"column\" data-e-type=\"column\">\n\t\t\t<div class=\"elementor-widget-wrap elementor-element-populated\">\n\t\t\t\t\t\t<div class=\"elementor-element elementor-element-d10676c elementor-widget elementor-widget-heading\" data-id=\"d10676c\" data-element_type=\"widget\" data-e-type=\"widget\" data-widget_type=\"heading.default\">\n\t\t\t\t<div class=\"elementor-widget-container\">\n\t\t\t\t\t<h2 class=\"elementor-heading-title elementor-size-default\">PHOTOGRAPHY<\/h2>\t\t\t\t<\/div>\n\t\t\t\t<\/div>\n\t\t\t\t\t<\/div>\n\t\t<\/div>\n\t\t\t\t\t<\/div>\n\t\t<\/section>\n\t\t\t\t\t<\/div>\n\t\t<\/div>\n\t\t\t\t\t<\/div>\n\t\t<\/section>\n\t\t\t\t<section class=\"elementor-section elementor-top-section elementor-element elementor-element-275c20c elementor-section-boxed elementor-section-height-default elementor-section-height-default eltdf-parallax-row-no eltdf-content-aligment-left eltdf-elementor-row-grid-no eltdf-disabled-bg-image-bellow-no\" data-id=\"275c20c\" data-element_type=\"section\" data-e-type=\"section\">\n\t\t\t\t\t\t<div class=\"elementor-container elementor-column-gap-default\">\n\t\t\t\t\t<div class=\"elementor-column elementor-col-100 elementor-top-column elementor-element elementor-element-7a812cb\" data-id=\"7a812cb\" data-element_type=\"column\" data-e-type=\"column\">\n\t\t\t<div class=\"elementor-widget-wrap elementor-element-populated\">\n\t\t\t\t\t\t<div class=\"elementor-element elementor-element-50b7542 elementor-widget elementor-widget-heading\" data-id=\"50b7542\" data-element_type=\"widget\" data-e-type=\"widget\" data-widget_type=\"heading.default\">\n\t\t\t\t<div class=\"elementor-widget-container\">\n\t\t\t\t\t<h1 class=\"elementor-heading-title elementor-size-default\">Capturing Love, Inspiring Happiness!<br><\/h1>\t\t\t\t<\/div>\n\t\t\t\t<\/div>\n\t\t\t\t<div class=\"elementor-element elementor-element-b142d93 elementor-widget elementor-widget-text-editor\" data-id=\"b142d93\" data-element_type=\"widget\" data-e-type=\"widget\" data-widget_type=\"text-editor.default\">\n\t\t\t\t<div class=\"elementor-widget-container\">\n\t\t\t\t\t\t\t\t\t<p>In every glance captured and every moment saved, a story goes into eternity,<br \/>showing the unique art of telling, reliving, and remembering<\/p>\t\t\t\t\t\t\t\t<\/div>\n\t\t\t\t<\/div>\n\t\t\t\t\t<\/div>\n\t\t<\/div>\n\t\t\t\t\t<\/div>\n\t\t<\/section>\n\t\t\t\t<section class=\"elementor-section elementor-top-section elementor-element elementor-element-6240d49 elementor-section-full_width elementor-section-height-default elementor-section-height-default eltdf-parallax-row-no eltdf-content-aligment-left eltdf-elementor-row-grid-no eltdf-disabled-bg-image-bellow-no\" data-id=\"6240d49\" data-element_type=\"section\" data-e-type=\"section\">\n\t\t\t\t\t\t<div class=\"elementor-container elementor-column-gap-no\">\n\t\t\t\t\t<div class=\"elementor-column elementor-col-100 elementor-top-column elementor-element elementor-element-0a7601c\" data-id=\"0a7601c\" data-element_type=\"column\" data-e-type=\"column\">\n\t\t\t<div class=\"elementor-widget-wrap elementor-element-populated\">\n\t\t\t\t\t\t<div class=\"elementor-element elementor-element-1caf8ce elementor-widget elementor-widget-eltdf_portfolio_list\" data-id=\"1caf8ce\" data-element_type=\"widget\" data-e-type=\"widget\" data-widget_type=\"eltdf_portfolio_list.default\">\n\t\t\t\t<div class=\"elementor-widget-container\">\n\t\t\t\t\t<div class=\"eltdf-portfolio-list-holder eltdf-grid-list eltdf-pl-gallery eltdf-three-columns eltdf-small-space  eltdf-pl-standard     eltdf-pl-pag-load-more eltdf-pl-has-filter\"  data-type=\"gallery\" data-number-of-columns=\"three\" data-space-between-items=\"small\" data-number-of-items=\"9\" data-image-proportions=\"full\" data-enable-image-shadow=\"no\" data-orderby=\"date\" data-order=\"DESC\" data-item-style=\"standard\" data-enable-title=\"yes\" data-title-tag=\"h3\" data-enable-category=\"yes\" data-enable-count-images=\"yes\" data-enable-excerpt=\"no\" data-pagination-type=\"load-more\" data-load-more-top-margin=\"30px\" data-filter=\"yes\" data-filter-order-by=\"name\" data-enable-article-animation=\"no\" data-portfolio-slider-on=\"no\" data-enable-loop=\"yes\" data-enable-autoplay=\"yes\" data-slider-speed=\"5000\" data-slider-speed-animation=\"600\" data-enable-navigation=\"yes\" data-enable-pagination=\"yes\" data-main-title-tag=\"h3\" data-max-num-pages=\"3\" data-next-page=\"2\">\n\t\t<div class=\"eltdf-pl-filter-holder\" >\n\t\t<div class=\"eltdf-plf-inner\">\n\t\t\t\t\t\t\t<ul >\n\t\t\t\t\t<li class=\"eltdf-pl-filter\" data-filter=\"\">\n\t\t\t\t\t\t<span>Show all<\/span>\n\t\t\t\t\t<\/li>\n\t\t\t\t\t\t\t\t\t\t\t<li class=\"eltdf-pl-filter\" data-filter=\".portfolio-category-casamentos\">\n\t\t\t\t\t\t\t<span>WEDDINGS<\/span>\n\t\t\t\t\t\t<\/li>\n\t\t\t\t\t\t\t\t\t\t\t<li class=\"eltdf-pl-filter\" data-filter=\".portfolio-category-solteiros\">\n\t\t\t\t\t\t\t<span>SINGLES<\/span>\n\t\t\t\t\t\t<\/li>\n\t\t\t\t\t\t\t\t\t<\/ul>\n\t\t\t\t\t<\/div>\n\t<\/div>\n\t<div class=\"eltdf-pl-inner eltdf-outer-space  clearfix\">\n\t\t<article class=\"eltdf-pl-item eltdf-item-space  post-10053 portfolio-item type-portfolio-item status-publish has-post-thumbnail hentry portfolio-category-casamentos\" >\n\t<div class=\"eltdf-pl-item-inner\">\n\t\t<div class=\"eltdf-pli-image\">\n\t<img fetchpriority=\"high\" decoding=\"async\" width=\"2214\" height=\"1477\" src=\"https:\/\/thegentlemans.pt\/wp-content\/uploads\/2024\/06\/aaa1.jpg\" class=\"attachment-full size-full wp-post-image\" alt=\"\" srcset=\"https:\/\/thegentlemans.pt\/wp-content\/uploads\/2024\/06\/aaa1.jpg 2214w, https:\/\/thegentlemans.pt\/wp-content\/uploads\/2024\/06\/aaa1-300x200.jpg 300w, https:\/\/thegentlemans.pt\/wp-content\/uploads\/2024\/06\/aaa1-1024x683.jpg 1024w, https:\/\/thegentlemans.pt\/wp-content\/uploads\/2024\/06\/aaa1-768x512.jpg 768w, https:\/\/thegentlemans.pt\/wp-content\/uploads\/2024\/06\/aaa1-1536x1025.jpg 1536w, https:\/\/thegentlemans.pt\/wp-content\/uploads\/2024\/06\/aaa1-18x12.jpg 18w\" sizes=\"(max-width: 2214px) 100vw, 2214px\" \/><\/div>\n<div class=\"eltdf-pli-text-holder\" >\n\t<div class=\"eltdf-pli-text-wrapper\">\n\t\t<div class=\"eltdf-pli-text\">\n\t\t\t\t\t<div class=\"eltdf-pli-category-holder\">\n\t\t\t\t\t\t\t<a itemprop=\"url\" class=\"eltdf-pli-category\" href=\"https:\/\/thegentlemans.pt\/en\/portfolio-category\/casamentos\/\">WEDDINGS<\/a>\n\t\t\t\t\t<\/div>\n\t\t\t\t\n\t\t\t\t<h3 itemprop=\"name\" class=\"eltdf-pli-title entry-title\" >\n\t\tMrs. Helena &#038; Mr. Rafa\t<\/h3>\n\n\t\t\t\n\t\t\t\t\t<\/div>\n\t<\/div>\n<\/div>\n\t\t<a itemprop=\"url\" class=\"eltdf-pli-link eltdf-block-drag-link\" href=\"https:\/\/thegentlemans.pt\/en\/portfolio-item\/casamento_douro_helena_rafa_soares\/\" target=\"_self\"><\/a>\n\t<\/div>\n<\/article><article class=\"eltdf-pl-item eltdf-item-space  post-8839 portfolio-item type-portfolio-item status-publish has-post-thumbnail hentry portfolio-category-casamentos\" >\n\t<div class=\"eltdf-pl-item-inner\">\n\t\t<div class=\"eltdf-pli-image\">\n\t<img decoding=\"async\" width=\"1920\" height=\"1280\" src=\"https:\/\/thegentlemans.pt\/wp-content\/uploads\/2023\/07\/Monverde-0036_y.jpg\" class=\"attachment-full size-full wp-post-image\" alt=\"\" srcset=\"https:\/\/thegentlemans.pt\/wp-content\/uploads\/2023\/07\/Monverde-0036_y.jpg 1920w, https:\/\/thegentlemans.pt\/wp-content\/uploads\/2023\/07\/Monverde-0036_y-300x200.jpg 300w, https:\/\/thegentlemans.pt\/wp-content\/uploads\/2023\/07\/Monverde-0036_y-1024x683.jpg 1024w, https:\/\/thegentlemans.pt\/wp-content\/uploads\/2023\/07\/Monverde-0036_y-768x512.jpg 768w, https:\/\/thegentlemans.pt\/wp-content\/uploads\/2023\/07\/Monverde-0036_y-1536x1024.jpg 1536w\" sizes=\"(max-width: 1920px) 100vw, 1920px\" \/><\/div>\n<div class=\"eltdf-pli-text-holder\" >\n\t<div class=\"eltdf-pli-text-wrapper\">\n\t\t<div class=\"eltdf-pli-text\">\n\t\t\t\t\t<div class=\"eltdf-pli-category-holder\">\n\t\t\t\t\t\t\t<a itemprop=\"url\" class=\"eltdf-pli-category\" href=\"https:\/\/thegentlemans.pt\/en\/portfolio-category\/casamentos\/\">WEDDINGS<\/a>\n\t\t\t\t\t<\/div>\n\t\t\t\t\n\t\t\t\t<h3 itemprop=\"name\" class=\"eltdf-pli-title entry-title\" >\n\t\tElopement Monverde\t<\/h3>\n\n\t\t\t\n\t\t\t\t\t<\/div>\n\t<\/div>\n<\/div>\n\t\t<a itemprop=\"url\" class=\"eltdf-pli-link eltdf-block-drag-link\" href=\"https:\/\/thegentlemans.pt\/en\/portfolio-item\/elopement-monverde\/\" target=\"_self\"><\/a>\n\t<\/div>\n<\/article><article class=\"eltdf-pl-item eltdf-item-space  post-7530 portfolio-item type-portfolio-item status-publish has-post-thumbnail hentry portfolio-category-casamentos\" >\n\t<div class=\"eltdf-pl-item-inner\">\n\t\t<div class=\"eltdf-pli-image\">\n\t<img decoding=\"async\" width=\"2560\" height=\"1707\" src=\"https:\/\/thegentlemans.pt\/wp-content\/uploads\/2023\/06\/45-11-scaled.jpg\" class=\"attachment-full size-full wp-post-image\" alt=\"\" srcset=\"https:\/\/thegentlemans.pt\/wp-content\/uploads\/2023\/06\/45-11-scaled.jpg 2560w, https:\/\/thegentlemans.pt\/wp-content\/uploads\/2023\/06\/45-11-300x200.jpg 300w, https:\/\/thegentlemans.pt\/wp-content\/uploads\/2023\/06\/45-11-1024x683.jpg 1024w, https:\/\/thegentlemans.pt\/wp-content\/uploads\/2023\/06\/45-11-768x512.jpg 768w, https:\/\/thegentlemans.pt\/wp-content\/uploads\/2023\/06\/45-11-1536x1024.jpg 1536w\" sizes=\"(max-width: 2560px) 100vw, 2560px\" \/><\/div>\n<div class=\"eltdf-pli-text-holder\" >\n\t<div class=\"eltdf-pli-text-wrapper\">\n\t\t<div class=\"eltdf-pli-text\">\n\t\t\t\t\t<div class=\"eltdf-pli-category-holder\">\n\t\t\t\t\t\t\t<a itemprop=\"url\" class=\"eltdf-pli-category\" href=\"https:\/\/thegentlemans.pt\/en\/portfolio-category\/casamentos\/\">WEDDINGS<\/a>\n\t\t\t\t\t<\/div>\n\t\t\t\t\n\t\t\t\t<h3 itemprop=\"name\" class=\"eltdf-pli-title entry-title\" >\n\t\tMrs. B\u00e1rbara &#038; Mr. Ant\u00f3nio\t<\/h3>\n\n\t\t\t\n\t\t\t\t\t<\/div>\n\t<\/div>\n<\/div>\n\t\t<a itemprop=\"url\" class=\"eltdf-pli-link eltdf-block-drag-link\" href=\"https:\/\/thegentlemans.pt\/en\/portfolio-item\/mrs-barbara-mr-antonio\/\" target=\"_self\"><\/a>\n\t<\/div>\n<\/article><article class=\"eltdf-pl-item eltdf-item-space  post-7777 portfolio-item type-portfolio-item status-publish has-post-thumbnail hentry portfolio-category-casamentos\" >\n\t<div class=\"eltdf-pl-item-inner\">\n\t\t<div class=\"eltdf-pli-image\">\n\t<img loading=\"lazy\" decoding=\"async\" width=\"1920\" height=\"1280\" src=\"https:\/\/thegentlemans.pt\/wp-content\/uploads\/2023\/06\/41-13.jpg\" class=\"attachment-full size-full wp-post-image\" alt=\"\" srcset=\"https:\/\/thegentlemans.pt\/wp-content\/uploads\/2023\/06\/41-13.jpg 1920w, https:\/\/thegentlemans.pt\/wp-content\/uploads\/2023\/06\/41-13-300x200.jpg 300w, https:\/\/thegentlemans.pt\/wp-content\/uploads\/2023\/06\/41-13-1024x683.jpg 1024w, https:\/\/thegentlemans.pt\/wp-content\/uploads\/2023\/06\/41-13-768x512.jpg 768w, https:\/\/thegentlemans.pt\/wp-content\/uploads\/2023\/06\/41-13-1536x1024.jpg 1536w\" sizes=\"(max-width: 1920px) 100vw, 1920px\" \/><\/div>\n<div class=\"eltdf-pli-text-holder\" >\n\t<div class=\"eltdf-pli-text-wrapper\">\n\t\t<div class=\"eltdf-pli-text\">\n\t\t\t\t\t<div class=\"eltdf-pli-category-holder\">\n\t\t\t\t\t\t\t<a itemprop=\"url\" class=\"eltdf-pli-category\" href=\"https:\/\/thegentlemans.pt\/en\/portfolio-category\/casamentos\/\">WEDDINGS<\/a>\n\t\t\t\t\t<\/div>\n\t\t\t\t\n\t\t\t\t<h3 itemprop=\"name\" class=\"eltdf-pli-title entry-title\" >\n\t\tMrs. Helena &#038; Mr. Rodrigo\t<\/h3>\n\n\t\t\t\n\t\t\t\t\t<\/div>\n\t<\/div>\n<\/div>\n\t\t<a itemprop=\"url\" class=\"eltdf-pli-link eltdf-block-drag-link\" href=\"https:\/\/thegentlemans.pt\/en\/portfolio-item\/mrs-helena-mr-rodrigo\/\" target=\"_self\"><\/a>\n\t<\/div>\n<\/article><article class=\"eltdf-pl-item eltdf-item-space  post-7815 portfolio-item type-portfolio-item status-publish has-post-thumbnail hentry portfolio-category-solteiros\" >\n\t<div class=\"eltdf-pl-item-inner\">\n\t\t<div class=\"eltdf-pli-image\">\n\t<img loading=\"lazy\" decoding=\"async\" width=\"1920\" height=\"1280\" src=\"https:\/\/thegentlemans.pt\/wp-content\/uploads\/2023\/06\/JT_0326-1.jpg\" class=\"attachment-full size-full wp-post-image\" alt=\"\" srcset=\"https:\/\/thegentlemans.pt\/wp-content\/uploads\/2023\/06\/JT_0326-1.jpg 1920w, https:\/\/thegentlemans.pt\/wp-content\/uploads\/2023\/06\/JT_0326-1-300x200.jpg 300w, https:\/\/thegentlemans.pt\/wp-content\/uploads\/2023\/06\/JT_0326-1-1024x683.jpg 1024w, https:\/\/thegentlemans.pt\/wp-content\/uploads\/2023\/06\/JT_0326-1-768x512.jpg 768w, https:\/\/thegentlemans.pt\/wp-content\/uploads\/2023\/06\/JT_0326-1-1536x1024.jpg 1536w\" sizes=\"(max-width: 1920px) 100vw, 1920px\" \/><\/div>\n<div class=\"eltdf-pli-text-holder\" >\n\t<div class=\"eltdf-pli-text-wrapper\">\n\t\t<div class=\"eltdf-pli-text\">\n\t\t\t\t\t<div class=\"eltdf-pli-category-holder\">\n\t\t\t\t\t\t\t<a itemprop=\"url\" class=\"eltdf-pli-category\" href=\"https:\/\/thegentlemans.pt\/en\/portfolio-category\/solteiros\/\">SINGLES<\/a>\n\t\t\t\t\t<\/div>\n\t\t\t\t\n\t\t\t\t<h3 itemprop=\"name\" class=\"eltdf-pli-title entry-title\" >\n\t\tMrs. Joana &#038; Mr. Tiago\t<\/h3>\n\n\t\t\t\n\t\t\t\t\t<\/div>\n\t<\/div>\n<\/div>\n\t\t<a itemprop=\"url\" class=\"eltdf-pli-link eltdf-block-drag-link\" href=\"https:\/\/thegentlemans.pt\/en\/portfolio-item\/mrs-joana-mr-tiago\/\" target=\"_self\"><\/a>\n\t<\/div>\n<\/article><article class=\"eltdf-pl-item eltdf-item-space  post-7992 portfolio-item type-portfolio-item status-publish has-post-thumbnail hentry portfolio-category-casamentos\" >\n\t<div class=\"eltdf-pl-item-inner\">\n\t\t<div class=\"eltdf-pli-image\">\n\t<img loading=\"lazy\" decoding=\"async\" width=\"1920\" height=\"1280\" src=\"https:\/\/thegentlemans.pt\/wp-content\/uploads\/2023\/06\/60-8.jpg\" class=\"attachment-full size-full wp-post-image\" alt=\"\" srcset=\"https:\/\/thegentlemans.pt\/wp-content\/uploads\/2023\/06\/60-8.jpg 1920w, https:\/\/thegentlemans.pt\/wp-content\/uploads\/2023\/06\/60-8-300x200.jpg 300w, https:\/\/thegentlemans.pt\/wp-content\/uploads\/2023\/06\/60-8-1024x683.jpg 1024w, https:\/\/thegentlemans.pt\/wp-content\/uploads\/2023\/06\/60-8-768x512.jpg 768w, https:\/\/thegentlemans.pt\/wp-content\/uploads\/2023\/06\/60-8-1536x1024.jpg 1536w\" sizes=\"(max-width: 1920px) 100vw, 1920px\" \/><\/div>\n<div class=\"eltdf-pli-text-holder\" >\n\t<div class=\"eltdf-pli-text-wrapper\">\n\t\t<div class=\"eltdf-pli-text\">\n\t\t\t\t\t<div class=\"eltdf-pli-category-holder\">\n\t\t\t\t\t\t\t<a itemprop=\"url\" class=\"eltdf-pli-category\" href=\"https:\/\/thegentlemans.pt\/en\/portfolio-category\/casamentos\/\">WEDDINGS<\/a>\n\t\t\t\t\t<\/div>\n\t\t\t\t\n\t\t\t\t<h3 itemprop=\"name\" class=\"eltdf-pli-title entry-title\" >\n\t\tMrs. Rita &#038; Mr. Jos\u00e9 Carlos\t<\/h3>\n\n\t\t\t\n\t\t\t\t\t<\/div>\n\t<\/div>\n<\/div>\n\t\t<a itemprop=\"url\" class=\"eltdf-pli-link eltdf-block-drag-link\" href=\"https:\/\/thegentlemans.pt\/en\/portfolio-item\/mrs-rita-mr-jose-carlos\/\" target=\"_self\"><\/a>\n\t<\/div>\n<\/article><article class=\"eltdf-pl-item eltdf-item-space  post-7956 portfolio-item type-portfolio-item status-publish has-post-thumbnail hentry portfolio-category-casamentos\" >\n\t<div class=\"eltdf-pl-item-inner\">\n\t\t<div class=\"eltdf-pli-image\">\n\t<img loading=\"lazy\" decoding=\"async\" width=\"1920\" height=\"1280\" src=\"https:\/\/thegentlemans.pt\/wp-content\/uploads\/2023\/06\/42-12.jpg\" class=\"attachment-full size-full wp-post-image\" alt=\"\" srcset=\"https:\/\/thegentlemans.pt\/wp-content\/uploads\/2023\/06\/42-12.jpg 1920w, https:\/\/thegentlemans.pt\/wp-content\/uploads\/2023\/06\/42-12-300x200.jpg 300w, https:\/\/thegentlemans.pt\/wp-content\/uploads\/2023\/06\/42-12-1024x683.jpg 1024w, https:\/\/thegentlemans.pt\/wp-content\/uploads\/2023\/06\/42-12-768x512.jpg 768w, https:\/\/thegentlemans.pt\/wp-content\/uploads\/2023\/06\/42-12-1536x1024.jpg 1536w\" sizes=\"(max-width: 1920px) 100vw, 1920px\" \/><\/div>\n<div class=\"eltdf-pli-text-holder\" >\n\t<div class=\"eltdf-pli-text-wrapper\">\n\t\t<div class=\"eltdf-pli-text\">\n\t\t\t\t\t<div class=\"eltdf-pli-category-holder\">\n\t\t\t\t\t\t\t<a itemprop=\"url\" class=\"eltdf-pli-category\" href=\"https:\/\/thegentlemans.pt\/en\/portfolio-category\/casamentos\/\">WEDDINGS<\/a>\n\t\t\t\t\t<\/div>\n\t\t\t\t\n\t\t\t\t<h3 itemprop=\"name\" class=\"eltdf-pli-title entry-title\" >\n\t\tMrs. Mathilde &#038; Mr. Mateus\t<\/h3>\n\n\t\t\t\n\t\t\t\t\t<\/div>\n\t<\/div>\n<\/div>\n\t\t<a itemprop=\"url\" class=\"eltdf-pli-link eltdf-block-drag-link\" href=\"https:\/\/thegentlemans.pt\/en\/portfolio-item\/mrs-mathilde-mr-mateus\/\" target=\"_self\"><\/a>\n\t<\/div>\n<\/article><article class=\"eltdf-pl-item eltdf-item-space  post-7887 portfolio-item type-portfolio-item status-publish has-post-thumbnail hentry portfolio-category-casamentos\" >\n\t<div class=\"eltdf-pl-item-inner\">\n\t\t<div class=\"eltdf-pli-image\">\n\t<img loading=\"lazy\" decoding=\"async\" width=\"1920\" height=\"1280\" src=\"https:\/\/thegentlemans.pt\/wp-content\/uploads\/2023\/06\/47-11.jpg\" class=\"attachment-full size-full wp-post-image\" alt=\"\" srcset=\"https:\/\/thegentlemans.pt\/wp-content\/uploads\/2023\/06\/47-11.jpg 1920w, https:\/\/thegentlemans.pt\/wp-content\/uploads\/2023\/06\/47-11-300x200.jpg 300w, https:\/\/thegentlemans.pt\/wp-content\/uploads\/2023\/06\/47-11-1024x683.jpg 1024w, https:\/\/thegentlemans.pt\/wp-content\/uploads\/2023\/06\/47-11-768x512.jpg 768w, https:\/\/thegentlemans.pt\/wp-content\/uploads\/2023\/06\/47-11-1536x1024.jpg 1536w\" sizes=\"(max-width: 1920px) 100vw, 1920px\" \/><\/div>\n<div class=\"eltdf-pli-text-holder\" >\n\t<div class=\"eltdf-pli-text-wrapper\">\n\t\t<div class=\"eltdf-pli-text\">\n\t\t\t\t\t<div class=\"eltdf-pli-category-holder\">\n\t\t\t\t\t\t\t<a itemprop=\"url\" class=\"eltdf-pli-category\" href=\"https:\/\/thegentlemans.pt\/en\/portfolio-category\/casamentos\/\">WEDDINGS<\/a>\n\t\t\t\t\t<\/div>\n\t\t\t\t\n\t\t\t\t<h3 itemprop=\"name\" class=\"eltdf-pli-title entry-title\" >\n\t\tMrs. Sandra &#038; Mr. Angelo\t<\/h3>\n\n\t\t\t\n\t\t\t\t\t<\/div>\n\t<\/div>\n<\/div>\n\t\t<a itemprop=\"url\" class=\"eltdf-pli-link eltdf-block-drag-link\" href=\"https:\/\/thegentlemans.pt\/en\/portfolio-item\/mrs-sandra-mr-angelo\/\" target=\"_self\"><\/a>\n\t<\/div>\n<\/article><article class=\"eltdf-pl-item eltdf-item-space  post-7856 portfolio-item type-portfolio-item status-publish has-post-thumbnail hentry portfolio-category-solteiros\" >\n\t<div class=\"eltdf-pl-item-inner\">\n\t\t<div class=\"eltdf-pli-image\">\n\t<img loading=\"lazy\" decoding=\"async\" width=\"1920\" height=\"1280\" src=\"https:\/\/thegentlemans.pt\/wp-content\/uploads\/2023\/06\/LJ_SOLT_188-1.jpg\" class=\"attachment-full size-full wp-post-image\" alt=\"\" srcset=\"https:\/\/thegentlemans.pt\/wp-content\/uploads\/2023\/06\/LJ_SOLT_188-1.jpg 1920w, https:\/\/thegentlemans.pt\/wp-content\/uploads\/2023\/06\/LJ_SOLT_188-1-300x200.jpg 300w, https:\/\/thegentlemans.pt\/wp-content\/uploads\/2023\/06\/LJ_SOLT_188-1-1024x683.jpg 1024w, https:\/\/thegentlemans.pt\/wp-content\/uploads\/2023\/06\/LJ_SOLT_188-1-768x512.jpg 768w, https:\/\/thegentlemans.pt\/wp-content\/uploads\/2023\/06\/LJ_SOLT_188-1-1536x1024.jpg 1536w\" sizes=\"(max-width: 1920px) 100vw, 1920px\" \/><\/div>\n<div class=\"eltdf-pli-text-holder\" >\n\t<div class=\"eltdf-pli-text-wrapper\">\n\t\t<div class=\"eltdf-pli-text\">\n\t\t\t\t\t<div class=\"eltdf-pli-category-holder\">\n\t\t\t\t\t\t\t<a itemprop=\"url\" class=\"eltdf-pli-category\" href=\"https:\/\/thegentlemans.pt\/en\/portfolio-category\/solteiros\/\">SINGLES<\/a>\n\t\t\t\t\t<\/div>\n\t\t\t\t\n\t\t\t\t<h3 itemprop=\"name\" class=\"eltdf-pli-title entry-title\" >\n\t\tMrs. Laura &#038; Mr. Jorge\t<\/h3>\n\n\t\t\t\n\t\t\t\t\t<\/div>\n\t<\/div>\n<\/div>\n\t\t<a itemprop=\"url\" class=\"eltdf-pli-link eltdf-block-drag-link\" href=\"https:\/\/thegentlemans.pt\/en\/portfolio-item\/mrs-laura-mr-jorge\/\" target=\"_self\"><\/a>\n\t<\/div>\n<\/article>\t<\/div>\n\t\n\t\t<div class=\"eltdf-pl-loading\">\n\t\t<div class=\"eltdf-pl-loading-bounce1\"><\/div>\n\t\t<div class=\"eltdf-pl-loading-bounce2\"><\/div>\n\t\t<div class=\"eltdf-pl-loading-bounce3\"><\/div>\n\t<\/div>\n\t<div class=\"eltdf-pl-load-more-holder\">\n\t\t<div class=\"eltdf-pl-load-more\" style=\"margin-top: 30px\">\n\t\t\t<a itemprop=\"url\" href=\"\" target=\"_self\"  class=\"eltdf-btn eltdf-btn-large eltdf-btn-outline\"  >\t\t\t<span class=\"eltdf-btn-outline-horizontal-lines\"  ><\/span>\t\t<span class=\"eltdf-btn-outline-vertical-lines\"  ><\/span>\t\t<span class=\"eltdf-btn-text\">LOAD MORE<\/span>    <\/a>\t\t<\/div>\n\t<\/div>\n<\/div>\t\t\t\t<\/div>\n\t\t\t\t<\/div>\n\t\t\t\t\t<\/div>\n\t\t<\/div>\n\t\t\t\t\t<\/div>\n\t\t<\/section>\n\t\t\t\t<\/div>","protected":false},"excerpt":{"rendered":"<p>FOTOGRAFIA Capturing Love, Inspiring Happiness! Em cada olhar captado e em cada instante guardado, uma hist\u00f3ria entra para a eternidade,mostrando a arte \u00fanica de contar, reviver e lembrar Show all Casamentos Solteiros Casamentos Elopement Monverde Casamentos Mrs. B\u00e1rbara &#038; Mr. Ant\u00f3nio Casamentos Mrs. Helena &#038; Mr. Rodrigo Solteiros Mrs. Joana &#038; Mr. Tiago Casamentos Mrs. Rita &#038; [&hellip;]<\/p>\n","protected":false},"author":1,"featured_media":6206,"parent":0,"menu_order":0,"comment_status":"closed","ping_status":"closed","template":"","meta":{"footnotes":""},"class_list":["post-6907","page","type-page","status-publish","has-post-thumbnail","hentry"],"_links":{"self":[{"href":"https:\/\/thegentlemans.pt\/en\/wp-json\/wp\/v2\/pages\/6907","targetHints":{"allow":["GET"]}}],"collection":[{"href":"https:\/\/thegentlemans.pt\/en\/wp-json\/wp\/v2\/pages"}],"about":[{"href":"https:\/\/thegentlemans.pt\/en\/wp-json\/wp\/v2\/types\/page"}],"author":[{"embeddable":true,"href":"https:\/\/thegentlemans.pt\/en\/wp-json\/wp\/v2\/users\/1"}],"replies":[{"embeddable":true,"href":"https:\/\/thegentlemans.pt\/en\/wp-json\/wp\/v2\/comments?post=6907"}],"version-history":[{"count":5,"href":"https:\/\/thegentlemans.pt\/en\/wp-json\/wp\/v2\/pages\/6907\/revisions"}],"predecessor-version":[{"id":9856,"href":"https:\/\/thegentlemans.pt\/en\/wp-json\/wp\/v2\/pages\/6907\/revisions\/9856"}],"wp:featuredmedia":[{"embeddable":true,"href":"https:\/\/thegentlemans.pt\/en\/wp-json\/wp\/v2\/media\/6206"}],"wp:attachment":[{"href":"https:\/\/thegentlemans.pt\/en\/wp-json\/wp\/v2\/media?parent=6907"}],"curies":[{"name":"wp","href":"https:\/\/api.w.org\/{rel}","templated":true}]}}