{"id":12315,"date":"2026-02-09T15:47:38","date_gmt":"2026-02-09T15:47:38","guid":{"rendered":"https:\/\/thegentlemans.pt\/?page_id=12315"},"modified":"2026-04-07T10:47:19","modified_gmt":"2026-04-07T10:47:19","slug":"diretrizes-filme","status":"publish","type":"page","link":"https:\/\/thegentlemans.pt\/en\/diretrizes-filme\/","title":{"rendered":"Diretrizes Filme"},"content":{"rendered":"<div data-elementor-type=\"wp-page\" data-elementor-id=\"12315\" class=\"elementor elementor-12315\" data-elementor-post-type=\"page\">\n\t\t\t\t\t\t<section class=\"elementor-section elementor-top-section elementor-element elementor-element-32510bd elementor-section-full_width elementor-section-stretched elementor-section-height-default elementor-section-height-default eltdf-parallax-row-no eltdf-content-aligment-left eltdf-elementor-row-grid-no eltdf-disabled-bg-image-bellow-no\" data-id=\"32510bd\" data-element_type=\"section\" data-settings=\"{&quot;stretch_section&quot;:&quot;section-stretched&quot;}\">\n\t\t\t\t\t\t<div class=\"elementor-container elementor-column-gap-default\">\n\t\t\t\t\t<div class=\"elementor-column elementor-col-100 elementor-top-column elementor-element elementor-element-d76fd2f\" data-id=\"d76fd2f\" data-element_type=\"column\">\n\t\t\t<div class=\"elementor-widget-wrap elementor-element-populated\">\n\t\t\t\t\t\t<div class=\"elementor-element elementor-element-d56acc6 elementor-widget elementor-widget-heading\" data-id=\"d56acc6\" data-element_type=\"widget\" data-widget_type=\"heading.default\">\n\t\t\t\t<div class=\"elementor-widget-container\">\n\t\t\t\t\t<h2 class=\"elementor-heading-title elementor-size-default\">Diretrizes - V\u00cdDEO<\/h2>\t\t\t\t<\/div>\n\t\t\t\t<\/div>\n\t\t\t\t<div class=\"elementor-element elementor-element-ca49df9 elementor-widget elementor-widget-text-editor\" data-id=\"ca49df9\" data-element_type=\"widget\" data-widget_type=\"text-editor.default\">\n\t\t\t\t<div class=\"elementor-widget-container\">\n\t\t\t\t\t\t\t\t\t<p>As presentes diretrizes t\u00eam como finalidade clarificar o processo de trabalho em v\u00eddeo, alinhar expectativas e garantir a melhor experi\u00eancia poss\u00edvel ao longo de todas as fases do casamento.<\/p>\t\t\t\t\t\t\t\t<\/div>\n\t\t\t\t<\/div>\n\t\t\t\t<div class=\"elementor-element elementor-element-47eb94b elementor-widget elementor-widget-eltdf_section_title\" data-id=\"47eb94b\" data-element_type=\"widget\" data-widget_type=\"eltdf_section_title.default\">\n\t\t\t\t<div class=\"elementor-widget-container\">\n\t\t\t\t\t<div class=\"eltdf-section-title-holder\" style=\"text-align: center\">\n\t<div class=\"eltdf-st-inner\">\n\t\t\t\t\t\t\t\t\t\t\t<\/div>\n<\/div>\t\t\t\t<\/div>\n\t\t\t\t<\/div>\n\t\t\t\t\t<\/div>\n\t\t<\/div>\n\t\t\t\t\t<\/div>\n\t\t<\/section>\n\t\t\t\t<section class=\"elementor-section elementor-top-section elementor-element elementor-element-354892b elementor-section-boxed elementor-section-height-default elementor-section-height-default eltdf-parallax-row-no eltdf-content-aligment-left eltdf-elementor-row-grid-no eltdf-disabled-bg-image-bellow-no\" data-id=\"354892b\" data-element_type=\"section\">\n\t\t\t\t\t\t<div class=\"elementor-container elementor-column-gap-default\">\n\t\t\t\t\t<div class=\"elementor-column elementor-col-100 elementor-top-column elementor-element elementor-element-6996349\" data-id=\"6996349\" data-element_type=\"column\">\n\t\t\t<div class=\"elementor-widget-wrap elementor-element-populated\">\n\t\t\t\t\t\t<div class=\"elementor-element elementor-element-f319a60 elementor-widget elementor-widget-text-editor\" data-id=\"f319a60\" data-element_type=\"widget\" data-widget_type=\"text-editor.default\">\n\t\t\t\t<div class=\"elementor-widget-container\">\n\t\t\t\t\t\t\t\t\t<p style=\"text-align: center;\" data-start=\"4672\" data-end=\"4816\"><strong>Agradecemos a vossa compreens\u00e3o e colabora\u00e7\u00e3o.<\/strong><br data-start=\"4718\" data-end=\"4721\" \/><strong>Estamos certos de que, em conjunto, iremos criar uma recorda\u00e7\u00e3o \u00fanica e duradoura do vosso dia.<\/strong><\/p><p style=\"text-align: center;\" data-start=\"4818\" data-end=\"4899\"><strong>Para qualquer quest\u00e3o ou apoio adicional, estamos sempre dispon\u00edveis para ajudar.<\/strong><\/p><p style=\"text-align: center;\" data-start=\"4906\" data-end=\"4942\">\u00a0<\/p>\t\t\t\t\t\t\t\t<\/div>\n\t\t\t\t<\/div>\n\t\t<div class=\"elementor-element elementor-element-d81cbf0 e-flex e-con-boxed e-con e-parent\" data-id=\"d81cbf0\" data-element_type=\"container\">\n\t\t\t\t\t<div class=\"e-con-inner\">\n\t\t\t\t<div class=\"elementor-element elementor-element-13732ff elementor-widget elementor-widget-eltdf_accordion\" data-id=\"13732ff\" data-element_type=\"widget\" data-widget_type=\"eltdf_accordion.default\">\n\t\t\t\t<div class=\"elementor-widget-container\">\n\t\t\t\t\t\n        <div class=\"eltdf-accordion-holder eltdf-ac-default  eltdf-accordion eltdf-ac-simple  clearfix\">\n            <h5 class=\"eltdf-accordion-title\">\n    <span class=\"eltdf-accordion-mark\">\n\t\t<span class=\"eltdf_icon_plus icon_plus\"><\/span>\n\t\t<span class=\"eltdf_icon_minus icon_minus-06\"><\/span>\n\t<\/span>\n\t<span class=\"eltdf-tab-title\">\u00c1udio Original<\/span>\n<\/h5>\n<div class=\"eltdf-accordion-content\">\n\t<div class=\"eltdf-accordion-content-inner\">\n\t\t<ul><li style=\"font-weight: 400;\" aria-level=\"1\"><span style=\"font-weight: 400;\">Tal como no registo de imagem, o trabalho em v\u00eddeo baseia-se numa sele\u00e7\u00e3o cuidada dos momentos mais relevantes, privilegiando a narrativa e a emo\u00e7\u00e3o do dia.<\/span><\/li><li style=\"font-weight: 400;\" aria-level=\"1\"><span style=\"font-weight: 400;\">O \u00e1udio captado ao longo do casamento tem um car\u00e1cter maioritariamente ambiente, registando sons e momentos-chave, que s\u00e3o depois integrados e equilibrados com m\u00fasica durante a edi\u00e7\u00e3o.<\/span><\/li><li style=\"font-weight: 400;\" aria-level=\"1\"><span style=\"font-weight: 400;\">A capta\u00e7\u00e3o integral, com qualidade profissional de atua\u00e7\u00f5es musicais (coros ou bandas) requer equipamento espec\u00edfico de som, por vezes o audio da c\u00e2mara poder\u00e1 n\u00e3o ter qualidade para relacionar no video, ficando ao nosso crit\u00e9rio o uso do mesmo. Sempre que fa\u00e7am quest\u00e3o de ter algum \u00e1udio original dessas atua\u00e7\u00f5es, pode ser poss\u00edvel se a banda ou coro tiver grava\u00e7\u00f5es de \u00e1udio da atua\u00e7\u00e3o. Contudo, pedimos que nos informem se tiverem algum pedido especial e avaliamos da melhor forma poss\u00edvel para conseguir executar.<\/span><\/li><\/ul>\t<\/div>\n<\/div><h5 class=\"eltdf-accordion-title\">\n    <span class=\"eltdf-accordion-mark\">\n\t\t<span class=\"eltdf_icon_plus icon_plus\"><\/span>\n\t\t<span class=\"eltdf_icon_minus icon_minus-06\"><\/span>\n\t<\/span>\n\t<span class=\"eltdf-tab-title\">M\u00fasicas nos V\u00eddeos<\/span>\n<\/h5>\n<div class=\"eltdf-accordion-content\">\n\t<div class=\"eltdf-accordion-content-inner\">\n\t\t<ul><li style=\"font-weight: 400;\" aria-level=\"1\"><span style=\"font-weight: 400;\">\u00c0 semelhan\u00e7a do registo de imagem, a sele\u00e7\u00e3o musical \u00e9 feita de forma criteriosa pela The Gentleman\u2019s Photo &amp; Film, garantindo coer\u00eancia narrativa e alinhamento com a identidade do nosso trabalho.<\/span><\/li><li style=\"font-weight: 400;\" aria-level=\"1\"><span style=\"font-weight: 400;\">A sele\u00e7\u00e3o musical resulta de um processo de curadoria interna da The Gentleman\u2019s Photo &amp; Film, pelo que a nossa playlist n\u00e3o \u00e9 disponibilizada para escolha direta.<\/span><\/li><li style=\"font-weight: 400;\" aria-level=\"1\"><span style=\"font-weight: 400;\">No nosso registo n\u00e3o utilizamos m\u00fasicas comerciais, uma vez que privilegiamos uma sele\u00e7\u00e3o musical coerente com a identidade e abordagem cinematogr\u00e1fica do nosso trabalho, respeitando as quest\u00f5es de direitos de autor.<\/span><\/li><li style=\"font-weight: 400;\" aria-level=\"1\"><span style=\"font-weight: 400;\">Caso pretendam sugerir m\u00fasicas, poder\u00e3o enviar m\u00fasicas por email, at\u00e9 uma semana antes do casamento.<\/span><span style=\"font-weight: 400;\"><br \/><\/span><span style=\"font-weight: 400;\">Durante o processo de edi\u00e7\u00e3o, as sugest\u00f5es ser\u00e3o avaliadas e, caso alguma n\u00e3o se adeque ao filme, a mesma ser\u00e1 comunicada.<\/span><\/li><li style=\"font-weight: 400;\" aria-level=\"1\"><span style=\"font-weight: 400;\">Ap\u00f3s a finaliza\u00e7\u00e3o do v\u00eddeo, \u00e9 poss\u00edvel efetuar a altera\u00e7\u00e3o de apenas uma m\u00fasica.\u00a0<\/span><\/li><\/ul>\t<\/div>\n<\/div><h5 class=\"eltdf-accordion-title\">\n    <span class=\"eltdf-accordion-mark\">\n\t\t<span class=\"eltdf_icon_plus icon_plus\"><\/span>\n\t\t<span class=\"eltdf_icon_minus icon_minus-06\"><\/span>\n\t<\/span>\n\t<span class=\"eltdf-tab-title\">Dura\u00e7\u00e3o dos V\u00eddeos Finais<\/span>\n<\/h5>\n<div class=\"eltdf-accordion-content\">\n\t<div class=\"eltdf-accordion-content-inner\">\n\t\t<ul><li style=\"font-weight: 400;\" aria-level=\"1\"><span style=\"font-weight: 400;\">De forma geral, v\u00eddeos mais curtos permitem uma narrativa mais direta e envolvente, valorizando os momentos mais importantes e o impacto emocional do filme.<\/span><\/li><li style=\"font-weight: 400;\" aria-level=\"1\"><span style=\"font-weight: 400;\">O v\u00eddeo final tem uma dura\u00e7\u00e3o m\u00e9dia de <\/span><b>20 minutos<\/b><span style=\"font-weight: 400;\">, com um m\u00e1ximo de <\/span><b>25 minutos<\/b><span style=\"font-weight: 400;\">.<\/span><\/li><li style=\"font-weight: 400;\" aria-level=\"1\"><span style=\"font-weight: 400;\">Nos servi\u00e7os realizados com apenas <\/span><b>um vide\u00f3grafo<\/b><span style=\"font-weight: 400;\">, a dura\u00e7\u00e3o m\u00e1xima \u00e9 de <\/span><b>15 minutos<\/b><span style=\"font-weight: 400;\">.<\/span><\/li><li style=\"font-weight: 400;\" aria-level=\"1\"><span style=\"font-weight: 400;\">A dura\u00e7\u00e3o final depende sempre do tipo de cobertura contratada, do ritmo do dia e dos momentos registados.<\/span><\/li><\/ul>\t<\/div>\n<\/div><h5 class=\"eltdf-accordion-title\">\n    <span class=\"eltdf-accordion-mark\">\n\t\t<span class=\"eltdf_icon_plus icon_plus\"><\/span>\n\t\t<span class=\"eltdf_icon_minus icon_minus-06\"><\/span>\n\t<\/span>\n\t<span class=\"eltdf-tab-title\">Altera\u00e7\u00f5es ao V\u00eddeo Final<\/span>\n<\/h5>\n<div class=\"eltdf-accordion-content\">\n\t<div class=\"eltdf-accordion-content-inner\">\n\t\t<ul><li style=\"font-weight: 400;\" aria-level=\"1\"><span style=\"font-weight: 400;\">Ap\u00f3s a entrega do v\u00eddeo final, os clientes disp\u00f5em de um prazo de <\/span><b>3 semanas<\/b><span style=\"font-weight: 400;\"> para solicitar altera\u00e7\u00f5es.<\/span><\/li><li style=\"font-weight: 400;\" aria-level=\"1\"><span style=\"font-weight: 400;\">\u00c9 permitido <\/span><b>apenas um pedido de revis\u00e3o total<\/b><span style=\"font-weight: 400;\">, devendo este incluir <\/span><b>todas as altera\u00e7\u00f5es pretendidas de uma s\u00f3 vez<\/b><span style=\"font-weight: 400;\">.<\/span><\/li><li style=\"font-weight: 400;\" aria-level=\"1\"><span style=\"font-weight: 400;\">Pedidos enviados de forma faseada ou em momentos distintos ser\u00e3o considerados como pedidos adicionais e poder\u00e1 ser calculado o custo de edi\u00e7\u00e3o extra \u00e0 hora.<\/span><\/li><li style=\"font-weight: 400;\" aria-level=\"1\"><span style=\"font-weight: 400;\">Ap\u00f3s o prazo de 3 semanas, qualquer pedido adicional implica a <\/span><b>reabertura do projeto<\/b><span style=\"font-weight: 400;\">, com um custo associado de <\/span><b>90\u20ac + IVA e o valor da edi\u00e7\u00e3o \u00e0 hora<\/b><span style=\"font-weight: 400;\">.<\/span><\/li><\/ul><p><span style=\"font-weight: 400;\">O pedido de altera\u00e7\u00f5es dever\u00e1 ser efetuado diretamente para o email <\/span><b>departamentovideo.thegentlemans@gmail.com<\/b><span style=\"font-weight: 400;\">.<\/span><\/p>\t<\/div>\n<\/div><h5 class=\"eltdf-accordion-title\">\n    <span class=\"eltdf-accordion-mark\">\n\t\t<span class=\"eltdf_icon_plus icon_plus\"><\/span>\n\t\t<span class=\"eltdf_icon_minus icon_minus-06\"><\/span>\n\t<\/span>\n\t<span class=\"eltdf-tab-title\">Ced\u00eancia de Ficheiros Originais<\/span>\n<\/h5>\n<div class=\"eltdf-accordion-content\">\n\t<div class=\"eltdf-accordion-content-inner\">\n\t\t<ul><li style=\"font-weight: 400;\" aria-level=\"1\"><span style=\"font-weight: 400;\">A capta\u00e7\u00e3o de v\u00eddeo segue um formato cinematogr\u00e1fico, com imagem sem corre\u00e7\u00e3o de cor e \u00e1udio gravado separadamente.<\/span><\/li><li style=\"font-weight: 400;\" aria-level=\"1\"><span style=\"font-weight: 400;\">Por este motivo, <\/span><b>n\u00e3o s\u00e3o disponibilizados ficheiros em bruto<\/b><span style=\"font-weight: 400;\">, uma vez que estes n\u00e3o representam o resultado final do nosso trabalho nem garantem qualidade visual adequada.<\/span><\/li><li style=\"font-weight: 400;\" aria-level=\"1\"><span style=\"font-weight: 400;\">Caso pretendam receber os clips captados ao longo do dia, este servi\u00e7o est\u00e1 dispon\u00edvel como extra e inclui uma sele\u00e7\u00e3o dos registos com uma edi\u00e7\u00e3o ligeira, assegurando qualidade m\u00ednima de visualiza\u00e7\u00e3o.<\/span><\/li><\/ul>\t<\/div>\n<\/div><h5 class=\"eltdf-accordion-title\">\n    <span class=\"eltdf-accordion-mark\">\n\t\t<span class=\"eltdf_icon_plus icon_plus\"><\/span>\n\t\t<span class=\"eltdf_icon_minus icon_minus-06\"><\/span>\n\t<\/span>\n\t<span class=\"eltdf-tab-title\">Sess\u00e3o de Solteiros<\/span>\n<\/h5>\n<div class=\"eltdf-accordion-content\">\n\t<div class=\"eltdf-accordion-content-inner\">\n\t\t<ul><li style=\"font-weight: 400;\" aria-level=\"1\"><span style=\"font-weight: 400;\">O v\u00eddeo de sess\u00e3o de solteiros <\/span><b>n\u00e3o est\u00e1 inclu\u00eddo nos packs base<\/b><span style=\"font-weight: 400;\">, podendo ser adicionado como <\/span><b>servi\u00e7o extra<\/b><span style=\"font-weight: 400;\">.<\/span><\/li><li><span style=\"font-weight: 400;\">Quando a sess\u00e3o de solteiros se encontra contratada, as imagens registadas s\u00e3o utilizadas no <\/span><b>Same Day Edit (SDE), Teaser ou Highlights<\/b><span style=\"font-weight: 400;\"> como complemento, ou, caso estes n\u00e3o fa\u00e7am parte do servi\u00e7o contratado, ser\u00e3o integradas no <\/span><b>v\u00eddeo final<\/b><span style=\"font-weight: 400;\">.<\/span><\/li><\/ul>\t<\/div>\n<\/div><h5 class=\"eltdf-accordion-title\">\n    <span class=\"eltdf-accordion-mark\">\n\t\t<span class=\"eltdf_icon_plus icon_plus\"><\/span>\n\t\t<span class=\"eltdf_icon_minus icon_minus-06\"><\/span>\n\t<\/span>\n\t<span class=\"eltdf-tab-title\">Momentos Completos<\/span>\n<\/h5>\n<div class=\"eltdf-accordion-content\">\n\t<div class=\"eltdf-accordion-content-inner\">\n\t\t<ul><li style=\"font-weight: 400;\" aria-level=\"1\"><span style=\"font-weight: 400;\">O nosso registo em v\u00eddeo privilegia a <\/span><b>sele\u00e7\u00e3o dos momentos mais significativos<\/b><span style=\"font-weight: 400;\"> do dia, como discursos, troca de votos e a dan\u00e7a dos noivos, n\u00e3o sendo garantida a grava\u00e7\u00e3o integral de todos os momentos.<\/span><\/li><li><span style=\"font-weight: 400;\">A grava\u00e7\u00e3o completa de conte\u00fados espec\u00edficos, como discursos na totalidade, cerim\u00f3nias completas, entre outros momentos, dever\u00e1 ser solicitada previamente. Estes pedidos podem implicar custos adicionais, podem requerer c\u00e2maras extra e adicionais de edi\u00e7\u00e3o.<\/span><\/li><li><span style=\"font-weight: 400;\">Em servi\u00e7os realizados com apenas <\/span><b>um vide\u00f3grafo<\/b><span style=\"font-weight: 400;\">, n\u00e3o \u00e9 poss\u00edvel garantir o registo de momentos na \u00edntegra.<\/span><\/li><\/ul>\t<\/div>\n<\/div><h5 class=\"eltdf-accordion-title\">\n    <span class=\"eltdf-accordion-mark\">\n\t\t<span class=\"eltdf_icon_plus icon_plus\"><\/span>\n\t\t<span class=\"eltdf_icon_minus icon_minus-06\"><\/span>\n\t<\/span>\n\t<span class=\"eltdf-tab-title\">Pagamento<\/span>\n<\/h5>\n<div class=\"eltdf-accordion-content\">\n\t<div class=\"eltdf-accordion-content-inner\">\n\t\t<p data-start=\"4094\" data-end=\"4169\"><span style=\"font-weight: 400;\">O pagamento final dever\u00e1 ser realizado ap\u00f3s a comunica\u00e7\u00e3o que o v\u00eddeo j\u00e1 se encontra finalizado.<\/span><\/p>\t<\/div>\n<\/div><h5 class=\"eltdf-accordion-title\">\n    <span class=\"eltdf-accordion-mark\">\n\t\t<span class=\"eltdf_icon_plus icon_plus\"><\/span>\n\t\t<span class=\"eltdf_icon_minus icon_minus-06\"><\/span>\n\t<\/span>\n\t<span class=\"eltdf-tab-title\">Entrega<\/span>\n<\/h5>\n<div class=\"eltdf-accordion-content\">\n\t<div class=\"eltdf-accordion-content-inner\">\n\t\t<ul><li><span style=\"font-weight: 400;\">\u00a0Entrega Final: Ap\u00f3s a aprova\u00e7\u00e3o do v\u00eddeo final, os noivos disp\u00f5em de <\/span><b>15 dias<\/b><span style=\"font-weight: 400;\"> para proceder ao levantamento da <\/span><b>pen USB com o conte\u00fado de v\u00eddeo<\/b><span style=\"font-weight: 400;\">.\u00a0<\/span><\/li><\/ul><p data-start=\"4274\" data-end=\"4411\">A entrega pode ser realizada presencialmente nas nossas instala\u00e7\u00f5es ou enviada por CTT\/transportadora, devidamente acondicionada.<\/p><p data-start=\"4906\" data-end=\"4942\">\u00a0<\/p>\t<\/div>\n<\/div><h5 class=\"eltdf-accordion-title\">\n    <span class=\"eltdf-accordion-mark\">\n\t\t<span class=\"eltdf_icon_plus icon_plus\"><\/span>\n\t\t<span class=\"eltdf_icon_minus icon_minus-06\"><\/span>\n\t<\/span>\n\t<span class=\"eltdf-tab-title\">Agendamento de Reuni\u00f5es<\/span>\n<\/h5>\n<div class=\"eltdf-accordion-content\">\n\t<div class=\"eltdf-accordion-content-inner\">\n\t\t<p><span style=\"font-weight: 400;\">O atendimento \u00e9 realizado mediante disponibilidade e sempre sujeita a marca\u00e7\u00e3o pr\u00e9via. <\/span><\/p><p><span style=\"font-weight: 400;\">Estamos sempre dispon\u00edveis para reuni\u00f5es presenciais ou por videochamada para qualquer tipo de esclarecimento.\u00a0<\/span><\/p><p data-start=\"88\" data-end=\"139\">\u00a0<\/p>\t<\/div>\n<\/div>        <\/div>\n        \t\t\t\t<\/div>\n\t\t\t\t<\/div>\n\t\t\t\t\t<\/div>\n\t\t\t\t<\/div>\n\t\t<div class=\"elementor-element elementor-element-faf0b91 e-flex e-con-boxed e-con e-parent\" data-id=\"faf0b91\" data-element_type=\"container\">\n\t\t\t\t\t<div class=\"e-con-inner\">\n\t\t\t\t<div class=\"elementor-element elementor-element-9f6464b elementor-align-center elementor-widget elementor-widget-button\" data-id=\"9f6464b\" data-element_type=\"widget\" data-widget_type=\"button.default\">\n\t\t\t\t<div class=\"elementor-widget-container\">\n\t\t\t\t\t\t\t\t\t<div class=\"elementor-button-wrapper\">\n\t\t\t\t\t<a class=\"elementor-button elementor-button-link elementor-size-sm\" href=\"https:\/\/thegentlemans.pt\/en\/the-gentlemans-servicos-adicionais-video\/\" target=\"_blank\">\n\t\t\t\t\t\t<span class=\"elementor-button-content-wrapper\">\n\t\t\t\t\t\t\t\t\t<span class=\"elementor-button-text\">Consultar Servi\u00e7os Adicionais<\/span>\n\t\t\t\t\t<\/span>\n\t\t\t\t\t<\/a>\n\t\t\t\t<\/div>\n\t\t\t\t\t\t\t\t<\/div>\n\t\t\t\t<\/div>\n\t\t\t\t\t<\/div>\n\t\t\t\t<\/div>\n\t\t\t\t<div class=\"elementor-element elementor-element-02c302e elementor-widget elementor-widget-eltdf_section_title\" data-id=\"02c302e\" data-element_type=\"widget\" data-widget_type=\"eltdf_section_title.default\">\n\t\t\t\t<div class=\"elementor-widget-container\">\n\t\t\t\t\t<div class=\"eltdf-section-title-holder\" style=\"text-align: center\">\n\t<div class=\"eltdf-st-inner\">\n\t\t\t\t\t\t\t<h2 class=\"eltdf-st-title\" >\n\t\t\t\tFollow Me on Instagram\t\t\t\t\t\t\t<\/h2>\n\t\t\t\t\t\t\t<h3  class=\"eltdf-st-subtitle\" style=\"text-transform: none;font-style: italic;color: #84847C\">\n\t\t\t\t<span>\n\t\t\t\t\t@thegentlemans_photofilm\t\t\t\t\t\t\t\t\t\t\t<a class=\"eltdf-st-subtitle-link\" href=\"https:\/\/www.instagram.com\/thegentlemans_photofilm\" target=\"_blank\"><\/a>\n\t\t\t\t\t\t\t\t\t<\/span>\n\t\t\t<\/h3>\n\t\t\t\t\t\t\t<\/div>\n<\/div>\t\t\t\t<\/div>\n\t\t\t\t<\/div>\n\t\t\t\t\t<\/div>\n\t\t<\/div>\n\t\t\t\t\t<\/div>\n\t\t<\/section>\n\t\t\t\t<section class=\"elementor-section elementor-top-section elementor-element elementor-element-034acb2 elementor-section-full_width elementor-section-height-min-height elementor-section-height-default elementor-section-items-middle eltdf-parallax-row-no eltdf-content-aligment-left eltdf-elementor-row-grid-no eltdf-disabled-bg-image-bellow-no\" data-id=\"034acb2\" data-element_type=\"section\" data-settings=\"{&quot;background_background&quot;:&quot;classic&quot;}\">\n\t\t\t\t\t\t<div class=\"elementor-container elementor-column-gap-default\">\n\t\t\t\t\t<div class=\"elementor-column elementor-col-100 elementor-top-column elementor-element elementor-element-cb5a582\" data-id=\"cb5a582\" data-element_type=\"column\" data-settings=\"{&quot;background_background&quot;:&quot;classic&quot;}\">\n\t\t\t<div class=\"elementor-widget-wrap elementor-element-populated\">\n\t\t\t\t\t\t<div class=\"elementor-element elementor-element-4906c90 elementor-widget elementor-widget-heading\" data-id=\"4906c90\" data-element_type=\"widget\" data-widget_type=\"heading.default\">\n\t\t\t\t<div class=\"elementor-widget-container\">\n\t\t\t\t\t<h1 class=\"elementor-heading-title elementor-size-default\">MEMORABLE DAYS<\/h1>\t\t\t\t<\/div>\n\t\t\t\t<\/div>\n\t\t\t\t<div class=\"elementor-element elementor-element-bc2c907 elementor-align-center elementor-widget elementor-widget-button\" data-id=\"bc2c907\" data-element_type=\"widget\" data-widget_type=\"button.default\">\n\t\t\t\t<div class=\"elementor-widget-container\">\n\t\t\t\t\t\t\t\t\t<div class=\"elementor-button-wrapper\">\n\t\t\t\t\t<a class=\"elementor-button elementor-button-link elementor-size-sm\" href=\"https:\/\/thegentlemans.pt\/en\/contactos\/\">\n\t\t\t\t\t\t<span class=\"elementor-button-content-wrapper\">\n\t\t\t\t\t\t\t\t\t<span class=\"elementor-button-text\">CONTACTS<\/span>\n\t\t\t\t\t<\/span>\n\t\t\t\t\t<\/a>\n\t\t\t\t<\/div>\n\t\t\t\t\t\t\t\t<\/div>\n\t\t\t\t<\/div>\n\t\t\t\t\t<\/div>\n\t\t<\/div>\n\t\t\t\t\t<\/div>\n\t\t<\/section>\n\t\t<div class=\"elementor-element elementor-element-e956629 e-flex e-con-boxed e-con e-parent\" data-id=\"e956629\" data-element_type=\"container\">\n\t\t\t\t\t<div class=\"e-con-inner\">\n\t\t\t\t<div class=\"elementor-element elementor-element-e9521ea elementor-widget elementor-widget-spacer\" data-id=\"e9521ea\" data-element_type=\"widget\" data-widget_type=\"spacer.default\">\n\t\t\t\t<div class=\"elementor-widget-container\">\n\t\t\t\t\t\t\t<div class=\"elementor-spacer\">\n\t\t\t<div class=\"elementor-spacer-inner\"><\/div>\n\t\t<\/div>\n\t\t\t\t\t\t<\/div>\n\t\t\t\t<\/div>\n\t\t\t\t\t<\/div>\n\t\t\t\t<\/div>\n\t\t\t\t<\/div>","protected":false},"excerpt":{"rendered":"<p>Diretrizes &#8211; V\u00cdDEO As presentes diretrizes t\u00eam como finalidade clarificar o processo de trabalho em v\u00eddeo, alinhar expectativas e garantir a melhor experi\u00eancia poss\u00edvel ao longo de todas as fases do casamento. Agradecemos a vossa compreens\u00e3o e colabora\u00e7\u00e3o.Estamos certos de que, em conjunto, iremos criar uma recorda\u00e7\u00e3o \u00fanica e duradoura do vosso dia. Para qualquer quest\u00e3o ou [&hellip;]<\/p>","protected":false},"author":1,"featured_media":0,"parent":0,"menu_order":0,"comment_status":"closed","ping_status":"closed","template":"full-width.php","meta":{"footnotes":""},"class_list":["post-12315","page","type-page","status-publish","hentry"],"_links":{"self":[{"href":"https:\/\/thegentlemans.pt\/en\/wp-json\/wp\/v2\/pages\/12315","targetHints":{"allow":["GET"]}}],"collection":[{"href":"https:\/\/thegentlemans.pt\/en\/wp-json\/wp\/v2\/pages"}],"about":[{"href":"https:\/\/thegentlemans.pt\/en\/wp-json\/wp\/v2\/types\/page"}],"author":[{"embeddable":true,"href":"https:\/\/thegentlemans.pt\/en\/wp-json\/wp\/v2\/users\/1"}],"replies":[{"embeddable":true,"href":"https:\/\/thegentlemans.pt\/en\/wp-json\/wp\/v2\/comments?post=12315"}],"version-history":[{"count":0,"href":"https:\/\/thegentlemans.pt\/en\/wp-json\/wp\/v2\/pages\/12315\/revisions"}],"wp:attachment":[{"href":"https:\/\/thegentlemans.pt\/en\/wp-json\/wp\/v2\/media?parent=12315"}],"curies":[{"name":"wp","href":"https:\/\/api.w.org\/{rel}","templated":true}]}}