{"id":11836,"date":"2026-01-14T10:04:05","date_gmt":"2026-01-14T10:04:05","guid":{"rendered":"https:\/\/thegentlemans.pt\/?page_id=11836"},"modified":"2026-03-16T09:36:29","modified_gmt":"2026-03-16T09:36:29","slug":"comparacao_elementos","status":"publish","type":"page","link":"https:\/\/thegentlemans.pt\/en\/comparacao_elementos\/","title":{"rendered":"1 ou 2 Fotografos\/Videografos"},"content":{"rendered":"<div data-elementor-type=\"wp-page\" data-elementor-id=\"11836\" class=\"elementor elementor-11836\" data-elementor-post-type=\"page\">\n\t\t\t\t\t\t<section class=\"elementor-section elementor-top-section elementor-element elementor-element-32510bd elementor-section-full_width elementor-section-stretched elementor-section-height-default elementor-section-height-default eltdf-parallax-row-no eltdf-content-aligment-left eltdf-elementor-row-grid-no eltdf-disabled-bg-image-bellow-no\" data-id=\"32510bd\" data-element_type=\"section\" data-settings=\"{&quot;stretch_section&quot;:&quot;section-stretched&quot;}\">\n\t\t\t\t\t\t<div class=\"elementor-container elementor-column-gap-default\">\n\t\t\t\t\t<div class=\"elementor-column elementor-col-100 elementor-top-column elementor-element elementor-element-d76fd2f\" data-id=\"d76fd2f\" data-element_type=\"column\">\n\t\t\t<div class=\"elementor-widget-wrap elementor-element-populated\">\n\t\t\t\t\t\t<div class=\"elementor-element elementor-element-d56acc6 elementor-widget elementor-widget-heading\" data-id=\"d56acc6\" data-element_type=\"widget\" data-widget_type=\"heading.default\">\n\t\t\t\t<div class=\"elementor-widget-container\">\n\t\t\t\t\t<h2 class=\"elementor-heading-title elementor-size-default\">Um ou dois fot\u00f3grafos e vide\u00f3grafos?<\/h2>\t\t\t\t<\/div>\n\t\t\t\t<\/div>\n\t\t\t\t<div class=\"elementor-element elementor-element-53c569d elementor-widget elementor-widget-heading\" data-id=\"53c569d\" data-element_type=\"widget\" data-widget_type=\"heading.default\">\n\t\t\t\t<div class=\"elementor-widget-container\">\n\t\t\t\t\t<h2 class=\"elementor-heading-title elementor-size-default\">o que faz mais sentido para o vosso dia?<\/h2>\t\t\t\t<\/div>\n\t\t\t\t<\/div>\n\t\t\t\t<div class=\"elementor-element elementor-element-ca49df9 elementor-widget elementor-widget-text-editor\" data-id=\"ca49df9\" data-element_type=\"widget\" data-widget_type=\"text-editor.default\">\n\t\t\t\t<div class=\"elementor-widget-container\">\n\t\t\t\t\t\t\t\t\t<p><strong><em>A diferen\u00e7a n\u00e3o est\u00e1 na qualidade. Est\u00e1 na amplitude do olhar sobre o vosso dia.<\/em><\/strong><\/p>\t\t\t\t\t\t\t\t<\/div>\n\t\t\t\t<\/div>\n\t\t\t\t<div class=\"elementor-element elementor-element-47eb94b elementor-widget elementor-widget-eltdf_section_title\" data-id=\"47eb94b\" data-element_type=\"widget\" data-widget_type=\"eltdf_section_title.default\">\n\t\t\t\t<div class=\"elementor-widget-container\">\n\t\t\t\t\t<div class=\"eltdf-section-title-holder\" style=\"text-align: center\">\n\t<div class=\"eltdf-st-inner\">\n\t\t\t\t\t\t\t\t\t\t\t<\/div>\n<\/div>\t\t\t\t<\/div>\n\t\t\t\t<\/div>\n\t\t\t\t\t<\/div>\n\t\t<\/div>\n\t\t\t\t\t<\/div>\n\t\t<\/section>\n\t\t\t\t<section class=\"elementor-section elementor-top-section elementor-element elementor-element-06f4467 elementor-section-full_width elementor-section-height-default elementor-section-height-default eltdf-parallax-row-no eltdf-content-aligment-left eltdf-elementor-row-grid-no eltdf-disabled-bg-image-bellow-no\" data-id=\"06f4467\" data-element_type=\"section\">\n\t\t\t\t\t\t<div class=\"elementor-container elementor-column-gap-default\">\n\t\t\t\t\t<div class=\"elementor-column elementor-col-100 elementor-top-column elementor-element elementor-element-29385e1\" data-id=\"29385e1\" data-element_type=\"column\">\n\t\t\t<div class=\"elementor-widget-wrap elementor-element-populated\">\n\t\t\t\t\t\t<div class=\"elementor-element elementor-element-d2b795e elementor-widget elementor-widget-html\" data-id=\"d2b795e\" data-element_type=\"widget\" data-widget_type=\"html.default\">\n\t\t\t\t<div class=\"elementor-widget-container\">\n\t\t\t\t\t<section class=\"tg-ed-table\" aria-label=\"Compara\u00e7\u00e3o: Fotografia e V\u00eddeo\">\n  <div class=\"tg-ed-table__wrap\">\n\n    <!-- Indicador mobile -->\n    <div class=\"tg-ed-table__mobile-hint\">\n      Deslize para ver mais \u2192\n    <\/div>\n\n    <div class=\"tg-ed-table__scroll\">\n      <div class=\"tg-ed-table__grid tg-ed-table__grid--5\" role=\"table\">\n\n        <!-- Header -->\n        <div class=\"tg-ed-table__cell tg-ed-table__cell--h tg-ed-table__cell--corner\"><\/div>\n        <div class=\"tg-ed-table__cell tg-ed-table__cell--h\">1 Photographer<\/div>\n        <div class=\"tg-ed-table__cell tg-ed-table__cell--h\">2 Phtotographers<\/div>\n        <div class=\"tg-ed-table__cell tg-ed-table__cell--h\">1 Filmmaker<\/div>\n        <div class=\"tg-ed-table__cell tg-ed-table__cell--h\">2 Filmmakers<\/div>\n\n        <!-- Abordagem -->\n        <div class=\"tg-ed-table__cell tg-ed-table__cell--rowhead\">Abordagem<\/div>\n        <div class=\"tg-ed-table__cell\">\n          Narrativa mais \u00edntima e discreta, centrada nos noivos e no essencial.\n        <\/div>\n        <div class=\"tg-ed-table__cell\">\n          Duas perspetivas que se complementam, com maior cobertura em simult\u00e2neo.\n        <\/div>\n        <div class=\"tg-ed-table__cell\">\n          Registo essencial e cuidado, focado nos momentos principais. Um \u00fanico ponto de vista por momento, privilegiando a seguran\u00e7a do registo.\n        <\/div>\n        <div class=\"tg-ed-table__cell\">\n          Abordagem mais cinematogr\u00e1fica, com dois olhares a captar o mesmo momento.<br>\n          Possibilidade de registo de preparativos separadamente.\n        <\/div>\n\n        <!-- Cobertura -->\n        <div class=\"tg-ed-table__cell tg-ed-table__cell--rowhead\">Cobertura<\/div>\n        <div class=\"tg-ed-table__cell\">\n          Perspetivas mais seletivas e foco nos principais acontecimentos do dia.\n        <\/div>\n        <div class=\"tg-ed-table__cell\">\n          Maior variedade de enquadramentos, com mais margem para convidados e detalhes.\n        <\/div>\n        <div class=\"tg-ed-table__cell\">\n          Um plano por momento. Em cerim\u00f3nia, dan\u00e7a ou discursos, \u00e9 necess\u00e1rio optar por enquadramentos mais fixos.\n        <\/div>\n        <div class=\"tg-ed-table__cell\">\n          Dois planos do mesmo momento (ex.: plano geral + rea\u00e7\u00e3o). Maior variedade de enquadramentos, criatividade e narrativa mais rica.\n        <\/div>\n\n        <!-- Preparativos -->\n        <div class=\"tg-ed-table__cell tg-ed-table__cell--rowhead\">Preparativos<\/div>\n        <div class=\"tg-ed-table__cell\">\n          Registo mais sequencial, com os preparativos realizados por etapas, n\u00e3o permitindo dar tanta aten\u00e7\u00e3o a todos os detalhes.\n        <\/div>\n        <div class=\"tg-ed-table__cell\">\n          Registo em paralelo (quando aplic\u00e1vel), com maior capacidade para acompanhar situa\u00e7\u00f5es em simult\u00e2neo.\n        <\/div>\n        <div class=\"tg-ed-table__cell\">\n          Preparativos registados de forma sequencial. N\u00e3o \u00e9 poss\u00edvel acompanhar acontecimentos em simult\u00e2neo nem detalhes paralelos.\n        <\/div>\n        <div class=\"tg-ed-table__cell\">\n          Registo em paralelo (quando aplic\u00e1vel), permitindo captar detalhes e a\u00e7\u00f5es a acontecer ao mesmo tempo.\n        <\/div>\n\n        <!-- Resultado final -->\n        <div class=\"tg-ed-table__cell tg-ed-table__cell--rowhead\">Resultado final<\/div>\n        <div class=\"tg-ed-table__cell\">\n          Reportagem direta, objetiva e fiel ao desenrolar do dia.\n        <\/div>\n        <div class=\"tg-ed-table__cell\">\n          Reportagem mais rica e completa, com maior diversidade narrativa.\n        <\/div>\n        <div class=\"tg-ed-table__cell\">\n          Filme simples, coerente e fiel ao dia, com menor diversidade de planos e ritmo mais contido.\n        <\/div>\n        <div class=\"tg-ed-table__cell\">\n          Filme mais din\u00e2mico, emocional e cinematogr\u00e1fico, com maior fluidez e impacto visual.\n        <\/div>\n\n        <!-- Ideal para -->\n        <div class=\"tg-ed-table__cell tg-ed-table__cell--rowhead\">Ideal para<\/div>\n        <div class=\"tg-ed-table__cell\">\n          Casamentos intimistas e com estrutura simples.\n        <\/div>\n        <div class=\"tg-ed-table__cell\">\n          Ideal para casais mais exigentes, que valorizam uma cobertura cuidada.<br><br>\n          Em eventos com mais convidados (superior a 100), a presen\u00e7a de um segundo fot\u00f3grafo torna-se ainda mais importante.\n        <\/div>\n        <div class=\"tg-ed-table__cell\">\n          Casais que procuram um registo tranquilo e essencial. Com menos diversidade de planos.\n        <\/div>\n        <div class=\"tg-ed-table__cell\">\n          Casais que valorizam emo\u00e7\u00e3o, ritmo, rea\u00e7\u00f5es e criatividade.<br>\n          Eventos com discursos, drone, votos, discursos ou mais de 100 convidados.\n        <\/div>\n\n      <\/div>\n    <\/div>\n\n  <\/div>\n\n  <style>\n    .tg-ed-table{\n      --ink:#111;\n      --muted:rgba(17,17,17,.55);\n      --line:rgba(17,17,17,.12);\n      --soft:rgba(17,17,17,.04);\n      color:var(--ink);\n    }\n\n    .tg-ed-table__wrap{\n      max-width:1200px;\n      margin:0 auto;\n    }\n\n    .tg-ed-table__mobile-hint{\n      display:none;\n      font-size:12px;\n      letter-spacing:.14em;\n      text-transform:uppercase;\n      color:var(--muted);\n      margin-bottom:10px;\n    }\n\n    .tg-ed-table__scroll{\n      overflow:hidden;\n    }\n\n    .tg-ed-table__grid{\n      display:grid;\n      grid-template-columns:240px 1fr 1fr 1fr 1fr;\n      border:1px solid var(--line);\n      border-radius:18px;\n      overflow:hidden;\n      background:#fff;\n    }\n\n    .tg-ed-table__cell{\n      padding:20px 18px;\n      border-top:1px solid var(--line);\n      border-left:1px solid var(--line);\n      font-size:14px;\n      line-height:1.65;\n    }\n\n    .tg-ed-table__cell:nth-child(-n+5){border-top:none;}\n    .tg-ed-table__cell:nth-child(5n+1){border-left:none;}\n\n    .tg-ed-table__cell--h{\n      background:var(--soft);\n      text-transform:uppercase;\n      letter-spacing:.14em;\n      font-weight:600;\n      font-size:11.5px;\n      color:var(--muted);\n      white-space:nowrap;\n    }\n\n    .tg-ed-table__cell--rowhead{\n      background:rgba(17,17,17,.02);\n      text-transform:uppercase;\n      letter-spacing:.20em;\n      font-weight:500;\n      font-size:11px;\n      color:var(--muted);\n      white-space:nowrap;\n    }\n\n    \/* MOBILE *\/\n    @media (max-width:980px){\n      .tg-ed-table__mobile-hint{\n        display:block;\n      }\n\n      .tg-ed-table__scroll{\n        overflow-x:auto;\n        -webkit-overflow-scrolling:touch;\n      }\n\n      .tg-ed-table__grid{\n        min-width:1000px;\n      }\n\n      .tg-ed-table__cell{\n        padding:16px 14px;\n        font-size:13.5px;\n      }\n    }\n  <\/style>\n<\/section>\t\t\t\t<\/div>\n\t\t\t\t<\/div>\n\t\t\t\t<div class=\"elementor-element elementor-element-02c302e elementor-widget elementor-widget-eltdf_section_title\" data-id=\"02c302e\" data-element_type=\"widget\" data-widget_type=\"eltdf_section_title.default\">\n\t\t\t\t<div class=\"elementor-widget-container\">\n\t\t\t\t\t<div class=\"eltdf-section-title-holder\" style=\"text-align: center\">\n\t<div class=\"eltdf-st-inner\">\n\t\t\t\t\t\t\t<h2 class=\"eltdf-st-title\" >\n\t\t\t\tFollow Me on Instagram\t\t\t\t\t\t\t<\/h2>\n\t\t\t\t\t\t\t<h3  class=\"eltdf-st-subtitle\" style=\"text-transform: none;font-style: italic;color: #84847C\">\n\t\t\t\t<span>\n\t\t\t\t\t@thegentlemans_photofilm\t\t\t\t\t\t\t\t\t\t\t<a class=\"eltdf-st-subtitle-link\" href=\"https:\/\/www.instagram.com\/thegentlemans_photofilm\" target=\"_blank\"><\/a>\n\t\t\t\t\t\t\t\t\t<\/span>\n\t\t\t<\/h3>\n\t\t\t\t\t\t\t<\/div>\n<\/div>\t\t\t\t<\/div>\n\t\t\t\t<\/div>\n\t\t\t\t\t<\/div>\n\t\t<\/div>\n\t\t\t\t\t<\/div>\n\t\t<\/section>\n\t\t\t\t<section class=\"elementor-section elementor-top-section elementor-element elementor-element-034acb2 elementor-section-full_width elementor-section-height-min-height elementor-section-height-default elementor-section-items-middle eltdf-parallax-row-no eltdf-content-aligment-left eltdf-elementor-row-grid-no eltdf-disabled-bg-image-bellow-no\" data-id=\"034acb2\" data-element_type=\"section\" data-settings=\"{&quot;background_background&quot;:&quot;classic&quot;}\">\n\t\t\t\t\t\t<div class=\"elementor-container elementor-column-gap-default\">\n\t\t\t\t\t<div class=\"elementor-column elementor-col-100 elementor-top-column elementor-element elementor-element-cb5a582\" data-id=\"cb5a582\" data-element_type=\"column\">\n\t\t\t<div class=\"elementor-widget-wrap elementor-element-populated\">\n\t\t\t\t\t\t<div class=\"elementor-element elementor-element-4906c90 elementor-widget elementor-widget-heading\" data-id=\"4906c90\" data-element_type=\"widget\" data-widget_type=\"heading.default\">\n\t\t\t\t<div class=\"elementor-widget-container\">\n\t\t\t\t\t<h1 class=\"elementor-heading-title elementor-size-default\">MEMORABLE DAYS<\/h1>\t\t\t\t<\/div>\n\t\t\t\t<\/div>\n\t\t\t\t<div class=\"elementor-element elementor-element-bc2c907 elementor-align-center elementor-widget elementor-widget-button\" data-id=\"bc2c907\" data-element_type=\"widget\" data-widget_type=\"button.default\">\n\t\t\t\t<div class=\"elementor-widget-container\">\n\t\t\t\t\t\t\t\t\t<div class=\"elementor-button-wrapper\">\n\t\t\t\t\t<a class=\"elementor-button elementor-button-link elementor-size-sm\" href=\"https:\/\/thegentlemans.pt\/en\/contactos\/\">\n\t\t\t\t\t\t<span class=\"elementor-button-content-wrapper\">\n\t\t\t\t\t\t\t\t\t<span class=\"elementor-button-text\">CONTACTS<\/span>\n\t\t\t\t\t<\/span>\n\t\t\t\t\t<\/a>\n\t\t\t\t<\/div>\n\t\t\t\t\t\t\t\t<\/div>\n\t\t\t\t<\/div>\n\t\t\t\t\t<\/div>\n\t\t<\/div>\n\t\t\t\t\t<\/div>\n\t\t<\/section>\n\t\t\t\t<\/div>","protected":false},"excerpt":{"rendered":"<p>Um ou dois fot\u00f3grafos e vide\u00f3grafos? o que faz mais sentido para o vosso dia? A diferen\u00e7a n\u00e3o est\u00e1 na qualidade. Est\u00e1 na amplitude do olhar sobre o vosso dia. Deslize para ver mais \u2192 1 Fot\u00f3grafo 2 Fot\u00f3grafos 1 Vide\u00f3grafo 2 Vide\u00f3grafos Abordagem Narrativa mais \u00edntima e discreta, centrada nos noivos e no essencial. Duas perspetivas [&hellip;]<\/p>","protected":false},"author":1,"featured_media":0,"parent":0,"menu_order":0,"comment_status":"closed","ping_status":"closed","template":"full-width.php","meta":{"footnotes":""},"class_list":["post-11836","page","type-page","status-publish","hentry"],"_links":{"self":[{"href":"https:\/\/thegentlemans.pt\/en\/wp-json\/wp\/v2\/pages\/11836","targetHints":{"allow":["GET"]}}],"collection":[{"href":"https:\/\/thegentlemans.pt\/en\/wp-json\/wp\/v2\/pages"}],"about":[{"href":"https:\/\/thegentlemans.pt\/en\/wp-json\/wp\/v2\/types\/page"}],"author":[{"embeddable":true,"href":"https:\/\/thegentlemans.pt\/en\/wp-json\/wp\/v2\/users\/1"}],"replies":[{"embeddable":true,"href":"https:\/\/thegentlemans.pt\/en\/wp-json\/wp\/v2\/comments?post=11836"}],"version-history":[{"count":0,"href":"https:\/\/thegentlemans.pt\/en\/wp-json\/wp\/v2\/pages\/11836\/revisions"}],"wp:attachment":[{"href":"https:\/\/thegentlemans.pt\/en\/wp-json\/wp\/v2\/media?parent=11836"}],"curies":[{"name":"wp","href":"https:\/\/api.w.org\/{rel}","templated":true}]}}